{"id":54839,"date":"2024-07-30T13:17:58","date_gmt":"2024-07-30T11:17:58","guid":{"rendered":"https:\/\/weider.syntonize.dev\/product\/bcaa-rtd-lima-limon\/"},"modified":"2024-07-30T13:17:58","modified_gmt":"2024-07-30T11:17:58","slug":"bcaa-rtd-lima-limon","status":"publish","type":"product","link":"https:\/\/weider.syntonize.dev\/it\/prodotto\/bcaa-rtd-lima-limon\/","title":{"rendered":"BCAA RTD Limone-Lime"},"content":{"rendered":"<p>BCAA RTD (Ready to Drink) de WEIDER es una bebida lista para tomar dise\u00f1ada para proporcionarte tu dosis de amino\u00e1cidos ramificados de forma pr\u00e1ctica y agradable. Esta bebida perfecta ofrece 3.3 gramos de amino\u00e1cidos, 3 vitaminas y no contiene carbohidratos. Su formato hace que sea muy f\u00e1cil de llevar contigo y tomar en cualquier momento y lugar. <\/p>\n<p>Los principales ingredientes de BCAA RTD incluyen: <\/p>\n<p>Amino\u00e1cidos ramificados (2:1:1): Leucina, isoleucina y valina, esenciales para el crecimiento y mantenimiento muscular. Estos amino\u00e1cidos intervienen en la recuperaci\u00f3n muscular y ayudan a controlar la fatiga. BCAA RTD proporciona 1500 mg de leucina, 750 mg de isoleucina y 750 mg de valina por cada 250 ml. <\/p>\n<p>L-alanil-L-Glutamina (Sustamine\u00ae): Un dip\u00e9ptido formado por alanina y glutamina que mejora la regulaci\u00f3n de fluidos durante el ejercicio prolongado, favorece la rehidrataci\u00f3n muscular despu\u00e9s del ejercicio y retrasa la fatiga en ejercicios de alta intensidad. BCAA RTD proporciona 300 mg de Sustamine\u00ae por lata. <\/p>\n<p>Vitamina B6: Contribuye al metabolismo adecuado de las prote\u00ednas y el gluc\u00f3geno, esencial para la recuperaci\u00f3n muscular y la reducci\u00f3n de la fatiga. <\/p>\n<p>BCAA RTD es baja en calor\u00edas, sin hidratos de carbono ni az\u00facares, lo que la hace perfecta para tomar en cualquier momento del d\u00eda. Es ideal para consumir antes, durante y despu\u00e9s del entrenamiento, as\u00ed como en cualquier momento en el que desees una bebida saludable que te proporcione amino\u00e1cidos adicionales. BCAA RTD es adecuado para todo tipo de deportistas y personas, especialmente aquellos que buscan proteger o desarrollar su masa muscular.<\/p>","protected":false},"excerpt":{"rendered":"<p>\u20223g de BCAA por dosis<br \/>\n\u2022Con 300 mg L-Alanil-L-Glutamina (Sustamine\u00ae)<br \/>\n\u2022Versi\u00f3n con y sin cafe\u00edna<\/p>","protected":false},"featured_media":54869,"template":"","meta":{"inline_featured_image":false},"product_cat":[4777,4784,4767],"product_tag":[],"acf":[],"_links":{"self":[{"href":"https:\/\/weider.syntonize.dev\/it\/wp-json\/wp\/v2\/product\/54839"}],"collection":[{"href":"https:\/\/weider.syntonize.dev\/it\/wp-json\/wp\/v2\/product"}],"about":[{"href":"https:\/\/weider.syntonize.dev\/it\/wp-json\/wp\/v2\/types\/product"}],"wp:featuredmedia":[{"embeddable":true,"href":"https:\/\/weider.syntonize.dev\/it\/wp-json\/wp\/v2\/media\/54869"}],"wp:attachment":[{"href":"https:\/\/weider.syntonize.dev\/it\/wp-json\/wp\/v2\/media?parent=54839"}],"wp:term":[{"taxonomy":"product_cat","embeddable":true,"href":"https:\/\/weider.syntonize.dev\/it\/wp-json\/wp\/v2\/product_cat?post=54839"},{"taxonomy":"product_tag","embeddable":true,"href":"https:\/\/weider.syntonize.dev\/it\/wp-json\/wp\/v2\/product_tag?post=54839"}],"curies":[{"name":"wp","href":"https:\/\/api.w.org\/{rel}","templated":true}]}}