{"id":54673,"date":"2024-07-30T12:10:05","date_gmt":"2024-07-30T10:10:05","guid":{"rendered":"https:\/\/weider.syntonize.dev\/product\/protein-spreads\/"},"modified":"2024-07-30T12:12:40","modified_gmt":"2024-07-30T10:12:40","slug":"protein-spreads","status":"publish","type":"product","link":"https:\/\/weider.syntonize.dev\/it\/prodotto\/protein-spreads\/","title":{"rendered":"Protein Spreads"},"content":{"rendered":"<p>Whey Protein Choco Creme es una deliciosa crema de cacao para untar elaborada con aut\u00e9nticas avellanas y prote\u00edna de suero de alta calidad, ideal para regalarte un momento de placer a la vez que cuidas tu figura. Adem\u00e1s, esta nueva versi\u00f3n mejorada no contiene aceite de palma.<\/p>","protected":false},"excerpt":{"rendered":"<p>\u2022 Delicioso sabor Chocolate Avellana<br \/>\n\u2022 21 % de prote\u00edna concentrada<br \/>\n\u2022 Baja en carbohidratos<\/p>","protected":false},"featured_media":54674,"template":"","meta":{"inline_featured_image":false},"product_cat":[4797,4764,4774,4767],"product_tag":[],"acf":[],"_links":{"self":[{"href":"https:\/\/weider.syntonize.dev\/it\/wp-json\/wp\/v2\/product\/54673"}],"collection":[{"href":"https:\/\/weider.syntonize.dev\/it\/wp-json\/wp\/v2\/product"}],"about":[{"href":"https:\/\/weider.syntonize.dev\/it\/wp-json\/wp\/v2\/types\/product"}],"wp:featuredmedia":[{"embeddable":true,"href":"https:\/\/weider.syntonize.dev\/it\/wp-json\/wp\/v2\/media\/54674"}],"wp:attachment":[{"href":"https:\/\/weider.syntonize.dev\/it\/wp-json\/wp\/v2\/media?parent=54673"}],"wp:term":[{"taxonomy":"product_cat","embeddable":true,"href":"https:\/\/weider.syntonize.dev\/it\/wp-json\/wp\/v2\/product_cat?post=54673"},{"taxonomy":"product_tag","embeddable":true,"href":"https:\/\/weider.syntonize.dev\/it\/wp-json\/wp\/v2\/product_tag?post=54673"}],"curies":[{"name":"wp","href":"https:\/\/api.w.org\/{rel}","templated":true}]}}