{"id":54525,"date":"2024-07-30T10:22:56","date_gmt":"2024-07-30T08:22:56","guid":{"rendered":"https:\/\/weider.syntonize.dev\/product\/sun-bronze-2\/"},"modified":"2024-07-30T10:31:21","modified_gmt":"2024-07-30T08:31:21","slug":"sun-bronze-2","status":"publish","type":"product","link":"https:\/\/weider.syntonize.dev\/it\/prodotto\/sun-bronze-2\/","title":{"rendered":"SUN BRONZE"},"content":{"rendered":"<p>Potencia tu bronceado protegiendo tu piel<br \/>\nContribuye a mantener el cuidado de la piel<br \/>\nCon betacaroteno, lute\u00edna y zeaxantina<br \/>\nLibre de az\u00facar y al\u00e9rgenos<\/p>\n<p>Las gummies Sun Bronze de Weider est\u00e1n dise\u00f1adas para cuidar tu piel y protegerla durante el bronceado con una f\u00f3rmula completa que incluye vitamina A, betacaroteno, lute\u00edna y zeaxantina. Estos ingredientes tienen m\u00faltiples beneficios para la piel:<\/p>\n<p>Betacaroteno: Antioxidante que ayuda a mantener la salud de la piel, potencia el bronceado y fortalece el sistema inmunitario.<br \/>\nVitamina A: Contribuye al mantenimiento de los tejidos, la salud de la piel, la visi\u00f3n y el sistema inmunitario, adem\u00e1s de tener propiedades antioxidantes.<br \/>\nLute\u00edna y Zeaxantina: Protegen los tejidos oculares y act\u00faan como antioxidantes.<br \/>\nEstas gummies no contienen az\u00facares a\u00f1adidos y est\u00e1n libres de al\u00e9rgenos, ofreciendo una forma deliciosa y conveniente de cuidar tu piel y mantenerla radiante.<\/p>","protected":false},"excerpt":{"rendered":"<p>Potencia tu bronceado protegiendo tu piel<br \/>\nContribuye a mantener el cuidado de la piel<br \/>\nCon betacaroteno, lute\u00edna y zeaxantina<br \/>\nLibre de az\u00facar y al\u00e9rgenos<\/p>","protected":false},"featured_media":0,"template":"","meta":{"inline_featured_image":false},"product_cat":[4792,4793,4763,4783,4767],"product_tag":[],"acf":[],"_links":{"self":[{"href":"https:\/\/weider.syntonize.dev\/it\/wp-json\/wp\/v2\/product\/54525"}],"collection":[{"href":"https:\/\/weider.syntonize.dev\/it\/wp-json\/wp\/v2\/product"}],"about":[{"href":"https:\/\/weider.syntonize.dev\/it\/wp-json\/wp\/v2\/types\/product"}],"wp:attachment":[{"href":"https:\/\/weider.syntonize.dev\/it\/wp-json\/wp\/v2\/media?parent=54525"}],"wp:term":[{"taxonomy":"product_cat","embeddable":true,"href":"https:\/\/weider.syntonize.dev\/it\/wp-json\/wp\/v2\/product_cat?post=54525"},{"taxonomy":"product_tag","embeddable":true,"href":"https:\/\/weider.syntonize.dev\/it\/wp-json\/wp\/v2\/product_tag?post=54525"}],"curies":[{"name":"wp","href":"https:\/\/api.w.org\/{rel}","templated":true}]}}