{"id":54493,"date":"2024-07-30T10:56:48","date_gmt":"2024-07-30T08:56:48","guid":{"rendered":"https:\/\/weider.syntonize.dev\/product\/multikids\/"},"modified":"2024-07-30T11:03:25","modified_gmt":"2024-07-30T09:03:25","slug":"multikids","status":"publish","type":"product","link":"https:\/\/weider.syntonize.dev\/it\/prodotto\/multikids\/","title":{"rendered":"Multikids"},"content":{"rendered":"<p>Delicioso complejo vitam\u00ednico<br \/>\nCantidades adaptadas para ni\u00f1os<br \/>\nSin gluten y sin az\u00facares a\u00f1adidos<\/p>\n<p>Multikids es un complemento vitam\u00ednico en forma de gummies especialmente formulado para cubrir las necesidades nutricionales de los ni\u00f1os.<\/p>\n<p>Caracter\u00edsticas y beneficios de Multikids:<br \/>\nFormulado para ni\u00f1os: Dise\u00f1ado pensando en las exigencias nutricionales de los m\u00e1s peque\u00f1os.<br \/>\nComplemento ideal: Ayuda a asegurar una alimentaci\u00f3n equilibrada y aporta nutrientes esenciales para el crecimiento y desarrollo adecuado.<br \/>\nPresentaci\u00f3n apetecible: Gummies elaborados con Fruitup, una base de fruta que proporciona una textura suave y saludable, f\u00e1cil de masticar y tragar.<br \/>\nSin az\u00facares a\u00f1adidos: Solo contiene az\u00facares naturales de la fruta.<br \/>\nContiene 9 vitaminas: Proporciona una combinaci\u00f3n adaptada de vitaminas necesarias para los ni\u00f1os.<\/p>\n<p>F\u00e1cil de tomar: Con solo 2 gummies al d\u00eda, los ni\u00f1os obtienen los nutrientes esenciales que necesitan.<br \/>\nMultikids ofrece una manera deliciosa y conveniente de asegurar que los ni\u00f1os obtengan los nutrientes necesarios para su crecimiento y desarrollo, complementando una dieta equilibrada de manera saludable.<\/p>","protected":false},"excerpt":{"rendered":"<p>Delicioso complejo vitam\u00ednico<br \/>\nCantidades adaptadas para ni\u00f1os<br \/>\nSin gluten y sin az\u00facares a\u00f1adidos<\/p>","protected":false},"featured_media":54596,"template":"","meta":{"inline_featured_image":false},"product_cat":[4792,4793,4783,4791,4767],"product_tag":[],"acf":[],"_links":{"self":[{"href":"https:\/\/weider.syntonize.dev\/it\/wp-json\/wp\/v2\/product\/54493"}],"collection":[{"href":"https:\/\/weider.syntonize.dev\/it\/wp-json\/wp\/v2\/product"}],"about":[{"href":"https:\/\/weider.syntonize.dev\/it\/wp-json\/wp\/v2\/types\/product"}],"wp:featuredmedia":[{"embeddable":true,"href":"https:\/\/weider.syntonize.dev\/it\/wp-json\/wp\/v2\/media\/54596"}],"wp:attachment":[{"href":"https:\/\/weider.syntonize.dev\/it\/wp-json\/wp\/v2\/media?parent=54493"}],"wp:term":[{"taxonomy":"product_cat","embeddable":true,"href":"https:\/\/weider.syntonize.dev\/it\/wp-json\/wp\/v2\/product_cat?post=54493"},{"taxonomy":"product_tag","embeddable":true,"href":"https:\/\/weider.syntonize.dev\/it\/wp-json\/wp\/v2\/product_tag?post=54493"}],"curies":[{"name":"wp","href":"https:\/\/api.w.org\/{rel}","templated":true}]}}