{"id":54438,"date":"2024-07-30T10:56:48","date_gmt":"2024-07-30T08:56:48","guid":{"rendered":"https:\/\/weider.syntonize.dev\/product\/fiber-gummie-fresa\/"},"modified":"2024-07-30T11:19:32","modified_gmt":"2024-07-30T09:19:32","slug":"fiber-gummie-fresa","status":"publish","type":"product","link":"https:\/\/weider.syntonize.dev\/it\/prodotto\/fiber-gummie-fresa\/","title":{"rendered":"Fiber Gummie (fresa)"},"content":{"rendered":"<p>FIBER<br \/>\n\u2022 Apoyo a los niveles de glucosa<br \/>\n\u2022 Alto contenido en fibra<br \/>\n\u2022 Sin az\u00facar y Sin gluten<br \/>\nDesde WEIDER, hemos dise\u00f1ado una nueva gominola rica en fibra y con un delicioso sabor a fresa. Nuestra gominola de fibra soluble de ma\u00edz combina el sabor afrutado con los beneficios de la fibra soluble de ma\u00edz. Utilizamos FIBERSOL, una marca registrada de fibra diet\u00e9tica soluble producida a partir de almid\u00f3n de ma\u00edz.<\/p>\n<p>Estas gominolas son aptas para todo tipo de consumidores, ya que no contienen gluten ni az\u00facares. Ofrecen m\u00faltiples beneficios, como la mejora de la digesti\u00f3n, la regulaci\u00f3n del az\u00facar en sangre y el mantenimiento de la salud intestinal. Cada porci\u00f3n recomendada de 3 gominolas proporciona 6 gramos de fibra soluble, que se disuelve en agua y ayuda al tracto digestivo.<\/p>\n<p>Beneficios Clave:<br \/>\nAlta en fibra: 6 gramos de fibra soluble por porci\u00f3n.<br \/>\nSin gluten y sin az\u00facares: Apta para diversas necesidades diet\u00e9ticas.<br \/>\nMejora la digesti\u00f3n: La fibra soluble ayuda al tracto digestivo.<br \/>\nRegulaci\u00f3n del az\u00facar en sangre: Contribuye a un mejor control gluc\u00e9mico.<br \/>\nSalud intestinal: Apoya el mantenimiento de un sistema digestivo saludable.<\/p>\n<p>MODO DE EMPLEO: Tomar 3 caramelos de goma en cualquier momento del d\u00eda.<br \/>\nPRESENTACI\u00d3N: 36 gummies.<br \/>\nSABOR: Fresa.<\/p>","protected":false},"excerpt":{"rendered":"<p>FIBER<br \/>\n\u2022 Apoyo a los niveles de glucosa<br \/>\n\u2022 Alto contenido en fibra<br \/>\n\u2022 Sin az\u00facar y Sin gluten<\/p>","protected":false},"featured_media":54552,"template":"","meta":{"inline_featured_image":false},"product_cat":[4792,4793,4763,4783,4767],"product_tag":[],"acf":[],"_links":{"self":[{"href":"https:\/\/weider.syntonize.dev\/it\/wp-json\/wp\/v2\/product\/54438"}],"collection":[{"href":"https:\/\/weider.syntonize.dev\/it\/wp-json\/wp\/v2\/product"}],"about":[{"href":"https:\/\/weider.syntonize.dev\/it\/wp-json\/wp\/v2\/types\/product"}],"wp:featuredmedia":[{"embeddable":true,"href":"https:\/\/weider.syntonize.dev\/it\/wp-json\/wp\/v2\/media\/54552"}],"wp:attachment":[{"href":"https:\/\/weider.syntonize.dev\/it\/wp-json\/wp\/v2\/media?parent=54438"}],"wp:term":[{"taxonomy":"product_cat","embeddable":true,"href":"https:\/\/weider.syntonize.dev\/it\/wp-json\/wp\/v2\/product_cat?post=54438"},{"taxonomy":"product_tag","embeddable":true,"href":"https:\/\/weider.syntonize.dev\/it\/wp-json\/wp\/v2\/product_tag?post=54438"}],"curies":[{"name":"wp","href":"https:\/\/api.w.org\/{rel}","templated":true}]}}