{"id":54432,"date":"2024-07-30T10:19:10","date_gmt":"2024-07-30T08:19:10","guid":{"rendered":"https:\/\/weider.syntonize.dev\/product\/mgb6\/"},"modified":"2024-07-30T10:19:17","modified_gmt":"2024-07-30T08:19:17","slug":"mgb6","status":"publish","type":"product","link":"https:\/\/weider.syntonize.dev\/it\/prodotto\/mgb6\/","title":{"rendered":"MGB6"},"content":{"rendered":"<p>MgB6 de Victory Endurance es un producto de Magnesio y Vitamina B6, combinados en las dosis adecuadas para una mayor efectividad. Recomendado para todo tipo de atletas tanto de fuerza como de resistencia, especialmente en los segundos ya que en ellos los niveles de magnesio pueden disminuir debido al gran desgaste f\u00edsico que exigen estas disciplinas. Sus ingredientes act\u00faan de la siguiente manera:<br \/>\n\u2022<br \/>\nEl Magnesio es fundamental para la funci\u00f3n muscular, ya que act\u00faa como cofactor de muchas enzimas celulares. Participa, junto con el Calcio, en los mecanismos de contracci\u00f3n\/relajaci\u00f3n muscular y en la coagulaci\u00f3n de la sangre (el calcio los promueve y el magnesio los inhibe). La suplementaci\u00f3n en Mg se torna fundamental en deportistas en general y en los de fondo en particular, debido a que pierden m\u00e1s cantidad de Mg por la sudoraci\u00f3n y el desgaste f\u00edsico lo que puede derivar en calambres musculares; que se incrementan con la p\u00e9rdida de Potasio y el resto de sales minerales (electrolitos). Adem\u00e1s, las c\u00e1psulas de MgB6 est\u00e1n elaboradas con Citrato de Magnesio, esta forma se ha demostrado ser la de mayor absorci\u00f3n y asimilaci\u00f3n para los m\u00fasculos*.<br \/>\n\u2022<br \/>\nLa Vitamina B6 interviene en el metabolismo de las prote\u00ednas y de los \u00e1cidos grasos ya que forma parte de varias enzimas, tambi\u00e9n interviene en la formaci\u00f3n de la Hemoglobina y de la Mioglobina por lo que aumenta la resistencia aerobia. Su utilizaci\u00f3n con el magnesio es fundamental porque mejora la absorci\u00f3n digestiva y la fijaci\u00f3n del mismo en la c\u00e9lula. Tambi\u00e9n ayuda a nuestro organismo a prevenir las p\u00e9rdidas de magnesio, tan abundantes entre los deportistas.<\/p>","protected":false},"excerpt":{"rendered":"<p>Evita la aparici\u00f3n de calambres musculares<br \/>\n. Combinaci\u00f3n \u00fanica para potenciar sus efectos. Aumenta y mejora la funci\u00f3n muscular.<\/p>","protected":false},"featured_media":0,"template":"","meta":{"inline_featured_image":false},"product_cat":[4799,4782,4791],"product_tag":[],"acf":[],"_links":{"self":[{"href":"https:\/\/weider.syntonize.dev\/it\/wp-json\/wp\/v2\/product\/54432"}],"collection":[{"href":"https:\/\/weider.syntonize.dev\/it\/wp-json\/wp\/v2\/product"}],"about":[{"href":"https:\/\/weider.syntonize.dev\/it\/wp-json\/wp\/v2\/types\/product"}],"wp:attachment":[{"href":"https:\/\/weider.syntonize.dev\/it\/wp-json\/wp\/v2\/media?parent=54432"}],"wp:term":[{"taxonomy":"product_cat","embeddable":true,"href":"https:\/\/weider.syntonize.dev\/it\/wp-json\/wp\/v2\/product_cat?post=54432"},{"taxonomy":"product_tag","embeddable":true,"href":"https:\/\/weider.syntonize.dev\/it\/wp-json\/wp\/v2\/product_tag?post=54432"}],"curies":[{"name":"wp","href":"https:\/\/api.w.org\/{rel}","templated":true}]}}