{"id":54430,"date":"2024-07-30T10:19:10","date_gmt":"2024-07-30T08:19:10","guid":{"rendered":"https:\/\/weider.syntonize.dev\/product\/weider-mushroom-complex-costco\/"},"modified":"2024-07-30T10:19:16","modified_gmt":"2024-07-30T08:19:16","slug":"weider-mushroom-complex-costco","status":"publish","type":"product","link":"https:\/\/weider.syntonize.dev\/it\/prodotto\/weider-mushroom-complex-costco\/","title":{"rendered":"WEIDER MUSHROOM COMPLEX COSTCO"},"content":{"rendered":"<p>Los hongos se han utilizado en la medicina tradicional y la dieta humana durante miles de a\u00f1os. De hecho, han sido reconocidos desde hace mucho tiempo en las culturas del este asi\u00e1tico, donde, bas\u00e1ndose en evidencia emp\u00edrica, se encuentran en la cima de su medicina tradicional. En las \u00faltimas d\u00e9cadas, este conocimiento se ha extendido al mundo occidental y las propiedades terap\u00e9uticas de varias especies de hongos han sido respaldadas por la investigaci\u00f3n cient\u00edfica.<br \/>\nEn la actualidad, los hongos y sus compuestos activos est\u00e1n siendo reconocidos cada vez m\u00e1s por la medicina convencional, ya que cada vez m\u00e1s estudios cient\u00edficos respaldan su valor terap\u00e9utico.<br \/>\nCon este objetivo hemos seleccionado el ingrediente MycoMIX\u00aeACTIV una mezcla de hongos utilizados en la medicina tradicional durante dos mil a\u00f1os: Reishi (Ganoderma Lucidum), Cordyceps (Cordyceps Sinensis), Shiitake (Lentinula Edodes), Maitake (Grifola Frondosa) y Agaricus blazei.<br \/>\nPara complementar a la formula hemos a\u00f1adido 1,3vitamina C que contribuye a la formaci\u00f3n normal de col\u00e1geno para el funcionamiento normal de los vasos sangu\u00edneos, contribuye al funcionamiento normal del sistema inmunitario y contribuye a la funci\u00f3n psicol\u00f3gica normal.<\/p>","protected":false},"excerpt":{"rendered":"<p>\u2022 MycoMIX\u00aeACTIV Mezcla de 5 variedades de hongos.<br \/>\n\u2022 Contribuye al sistema inmune y ayuda a la funci\u00f3n psicol\u00f3gica y arterial1.<br \/>\n\u2022 REISHI \u2013 CORDYCEPS \u2013 SHIITAKE \u2013 MAITAKE \u2013 AGARICUS BLAZEI<\/p>","protected":false},"featured_media":53621,"template":"","meta":{"inline_featured_image":false},"product_cat":[4793,4781,4767],"product_tag":[],"acf":[],"_links":{"self":[{"href":"https:\/\/weider.syntonize.dev\/it\/wp-json\/wp\/v2\/product\/54430"}],"collection":[{"href":"https:\/\/weider.syntonize.dev\/it\/wp-json\/wp\/v2\/product"}],"about":[{"href":"https:\/\/weider.syntonize.dev\/it\/wp-json\/wp\/v2\/types\/product"}],"wp:featuredmedia":[{"embeddable":true,"href":"https:\/\/weider.syntonize.dev\/it\/wp-json\/wp\/v2\/media\/53621"}],"wp:attachment":[{"href":"https:\/\/weider.syntonize.dev\/it\/wp-json\/wp\/v2\/media?parent=54430"}],"wp:term":[{"taxonomy":"product_cat","embeddable":true,"href":"https:\/\/weider.syntonize.dev\/it\/wp-json\/wp\/v2\/product_cat?post=54430"},{"taxonomy":"product_tag","embeddable":true,"href":"https:\/\/weider.syntonize.dev\/it\/wp-json\/wp\/v2\/product_tag?post=54430"}],"curies":[{"name":"wp","href":"https:\/\/api.w.org\/{rel}","templated":true}]}}