{"id":54421,"date":"2024-07-30T10:19:10","date_gmt":"2024-07-30T08:19:10","guid":{"rendered":"https:\/\/weider.syntonize.dev\/product\/collagen-creamer-keto-friendly\/"},"modified":"2024-07-30T10:19:13","modified_gmt":"2024-07-30T08:19:13","slug":"collagen-creamer-keto-friendly","status":"publish","type":"product","link":"https:\/\/weider.syntonize.dev\/it\/prodotto\/collagen-creamer-keto-friendly\/","title":{"rendered":"Collagen Creamer keto friendly"},"content":{"rendered":"<p>El col\u00e1geno es el complemento principal por el que est\u00e1n formados<br \/>\n los tejidos conectivos que componen varias partes de nuestro cuerpo,<br \/>\nincluyendo tendones, ligamentos, piel y m\u00fasculos. Se sintetiza de forma<br \/>\nnatural por nuestro cuerpo, a diferencia del col\u00e1geno hidrolizado que es<br \/>\naquel que ingerimos a trav\u00e9s de complementos alimenticios.<br \/>\nCollagen creamer es un complemento alimenticio que est\u00e1 formado<br \/>\n\u00fanicamente por col\u00e1geno hidrolizado y MCT. Entre los principales<br \/>\nbeneficios del col\u00e1geno hidrolizado esta la mejora en la salud articular,<br \/>\nadem\u00e1s de la firmeza e hidrataci\u00f3n en tejidos como la piel, u\u00f1as y<br \/>\ncabello. El MCT, proveniente del aceite de coco, se ha convertido en un<br \/>\n suplemento muy popular entre atletas. Uno de sus principales beneficios<br \/>\nconsiste en la ayuda a la p\u00e9rdida de peso agilizando el proceso de<br \/>\neliminaci\u00f3n de la grasa.<br \/>\n Otra de las caracter\u00edsticas principales de este producto es su car\u00e1cter<br \/>\nketo friendly. Ingerir una dieta baja en hidratos de carbono para mucha<br \/>\n gente es suficiente para conseguir su peso ideal. Gracias al contenido<br \/>\nen MCT, la ingesta de este producto ayuda al control del peso evitando<br \/>\n el aumento de la grasa corporal.<br \/>\nLa dosis diaria recomendada de col\u00e1geno es de 10 gramos (cada porci\u00f3n<br \/>\n de nuestro Collagen Creamer contiene 8 g) y se recomienda durante el<br \/>\n desayuno, de ah\u00ed a que Collagen Creamer sea la perfecta combinaci\u00f3n<br \/>\ncon nuestro primer caf\u00e9 del d\u00eda.<br \/>\nCon el paso de los a\u00f1os nuestra salud articular va perdiendo facultades.<br \/>\nExisten numerosos estudios cl\u00ednicos que respaldan la eficacia del<br \/>\ncol\u00e1geno hidrolizado para reducir el dolor articular y mejorar la movilidad<br \/>\n de las articulaciones. Nuestra combinaci\u00f3n de col\u00e1geno hidrolizado y<br \/>\nMCT, \u201cCollagen Creamer\u201d es una de las mejores opciones para ayudar<br \/>\na mantener nuestros m\u00fasculos, huesos y articulaciones en el mejor<br \/>\n estado posible a largo plazo. \u00a1No olvides incluirlo todas las ma\u00f1anas en<br \/>\ntu desayuno!<\/p>","protected":false},"excerpt":{"rendered":"<p>Keto friendly<br \/>\n. Elaborado a base de MCT y col\u00e1geno<br \/>\n. Perfecto para desayunos<\/p>","protected":false},"featured_media":53586,"template":"","meta":{"inline_featured_image":false},"product_cat":[],"product_tag":[],"acf":[],"_links":{"self":[{"href":"https:\/\/weider.syntonize.dev\/it\/wp-json\/wp\/v2\/product\/54421"}],"collection":[{"href":"https:\/\/weider.syntonize.dev\/it\/wp-json\/wp\/v2\/product"}],"about":[{"href":"https:\/\/weider.syntonize.dev\/it\/wp-json\/wp\/v2\/types\/product"}],"wp:featuredmedia":[{"embeddable":true,"href":"https:\/\/weider.syntonize.dev\/it\/wp-json\/wp\/v2\/media\/53586"}],"wp:attachment":[{"href":"https:\/\/weider.syntonize.dev\/it\/wp-json\/wp\/v2\/media?parent=54421"}],"wp:term":[{"taxonomy":"product_cat","embeddable":true,"href":"https:\/\/weider.syntonize.dev\/it\/wp-json\/wp\/v2\/product_cat?post=54421"},{"taxonomy":"product_tag","embeddable":true,"href":"https:\/\/weider.syntonize.dev\/it\/wp-json\/wp\/v2\/product_tag?post=54421"}],"curies":[{"name":"wp","href":"https:\/\/api.w.org\/{rel}","templated":true}]}}