{"id":54420,"date":"2024-07-30T10:19:10","date_gmt":"2024-07-30T08:19:10","guid":{"rendered":"https:\/\/weider.syntonize.dev\/product\/green-flex\/"},"modified":"2024-07-30T10:19:13","modified_gmt":"2024-07-30T08:19:13","slug":"green-flex","status":"publish","type":"product","link":"https:\/\/weider.syntonize.dev\/it\/prodotto\/green-flex\/","title":{"rendered":"Green Flex"},"content":{"rendered":"<p>Green Flex aporta una combinaci\u00f3n de ingredientes \u00fanica en el mercado, formulado con el objetivo de mejorar la producci\u00f3n de col\u00e1geno (ayudando a regenerar huesos y cart\u00edlagos), as\u00ed como disminuir y prevenir las molestias ocasionadas por el desgaste y la inflamaci\u00f3n.<br \/>\nEs perfecto para cualquier edad, tanto si eres una persona joven y deseas que tus articulaciones aguanten tu ritmo de actividad f\u00edsica, como si las articulaciones ya comienzan a molestarte.<br \/>\nConseguir un protector articular de origen no animal, suele ser tarea dif\u00edcil, por ello Weider, en su incansable tarea de satisfacer las necesidades de todos aquellos que desean cuidarse sean cual sean sus principios, al fin te lo pone f\u00e1cil.<br \/>\nNormalmente los ingredientes que se utilizan en el cuidado articular suelen ser de origen.<br \/>\n\u2022<br \/>\nC\u00farcuma org\u00e1nica: la c\u00farcuma es conocida tradicionalmente por sus propiedades antiinflamatorias, su origen org\u00e1nico le aporta producto calidad y pureza.<br \/>\n\u2022<br \/>\nGlucosamina sulfato: participa en la formaci\u00f3n y reparaci\u00f3n del cart\u00edlago y cuyo d\u00e9ficit se asocia con la aparici\u00f3n del dolor, especialmente en deportistas con gran desgaste articular.<br \/>\n\u2022<br \/>\nMSM (metilsulfonilmetano): interviene en la formaci\u00f3n de las fibras de col\u00e1geno y act\u00faa como antioxidante favoreciendo la regeneraci\u00f3n del tejido.<br \/>\n\u2022<br \/>\nExtracto de fruto de olivo (Osteolive): este novedoso ingrediente de origen espa\u00f1ol, aporta \u00e1cido masl\u00ednico, el cual cuenta con estudios relacionados con la modulaci\u00f3n y disminuci\u00f3n de inflamaci\u00f3n.<br \/>\n\u2022<br \/>\nExtracto de pimienta negra (Bioperine): su principal principio activo es la piperina, que aumenta la absorci\u00f3n y biodisponibilidad de la c\u00farcuma.<br \/>\n\u2022<br \/>\nVitamina C: La vitamina C contribuye a la formaci\u00f3n normal de col\u00e1geno<\/p>","protected":false},"excerpt":{"rendered":"<p>Protecci\u00f3n articular: huesos y cart\u00edlagos<br \/>\n.<br \/>\nCon c\u00farcuma org\u00e1nica<br \/>\n. Vegano, sin gluten ni l\u00e1cteos<\/p>","protected":false},"featured_media":53583,"template":"","meta":{"inline_featured_image":false},"product_cat":[4798,4793,4783,4781,4767],"product_tag":[],"acf":[],"_links":{"self":[{"href":"https:\/\/weider.syntonize.dev\/it\/wp-json\/wp\/v2\/product\/54420"}],"collection":[{"href":"https:\/\/weider.syntonize.dev\/it\/wp-json\/wp\/v2\/product"}],"about":[{"href":"https:\/\/weider.syntonize.dev\/it\/wp-json\/wp\/v2\/types\/product"}],"wp:featuredmedia":[{"embeddable":true,"href":"https:\/\/weider.syntonize.dev\/it\/wp-json\/wp\/v2\/media\/53583"}],"wp:attachment":[{"href":"https:\/\/weider.syntonize.dev\/it\/wp-json\/wp\/v2\/media?parent=54420"}],"wp:term":[{"taxonomy":"product_cat","embeddable":true,"href":"https:\/\/weider.syntonize.dev\/it\/wp-json\/wp\/v2\/product_cat?post=54420"},{"taxonomy":"product_tag","embeddable":true,"href":"https:\/\/weider.syntonize.dev\/it\/wp-json\/wp\/v2\/product_tag?post=54420"}],"curies":[{"name":"wp","href":"https:\/\/api.w.org\/{rel}","templated":true}]}}