{"id":54417,"date":"2024-07-30T10:19:10","date_gmt":"2024-07-30T08:19:10","guid":{"rendered":"https:\/\/weider.syntonize.dev\/product\/collagen\/"},"modified":"2024-07-30T12:54:13","modified_gmt":"2024-07-30T10:54:13","slug":"collagen","status":"publish","type":"product","link":"https:\/\/weider.syntonize.dev\/it\/prodotto\/collagen\/","title":{"rendered":"Collagene"},"content":{"rendered":"<p>El col\u00e1geno es una prote\u00edna que se encuentra en el tejido conectivo y que es fundamental para la elasticidad y regeneraci\u00f3n de la piel, los huesos y el cart\u00edlago.<br \/>\nLos ingredientes de Collagen de Weider han sido cuidadosamente seleccionados para estimular la producci\u00f3n del col\u00e1geno ayudando a regenerar huesos y cart\u00edlagos. Adem\u00e1s su excepcional f\u00f3rmula es perfecta para proteger la piel del envejecimiento y del da\u00f1o oxidativo, manteni\u00e9ndola tersa y joven durante m\u00e1s tiempo.<br \/>\nCollagen es bajo en grasas y az\u00facares, se mezcla muy bien y es muy f\u00e1cil de utilizar. Es perfecto para cualquier edad, tanto si eres una persona joven y deseas que tus articulaciones aguanten tu ritmo de actividad f\u00edsica, como si las articulaciones ya comienzan a molestarte. Y por supuesto, tambi\u00e9n es para ti si lo que deseas es proteger y potenciar la belleza natural de tu piel. Collagen se presenta en sabor neutro y est\u00e1 endulzado con edulcorante sin calor\u00edas procedente de la hoja de Stevia.<\/p>","protected":false},"excerpt":{"rendered":"<p>Con P\u00e9ptidos de col\u00e1geno de alta biodisponibilidad<br \/>\n. Contribuye a la salud de los huesos y del cart\u00edlago.<br \/>\n Con \u00c1cido Hialur\u00f3nico, Magnesio y Vitamina C<\/p>","protected":false},"featured_media":53576,"template":"","meta":{"inline_featured_image":false},"product_cat":[4842,4801,4798,4793,4767],"product_tag":[],"acf":[],"_links":{"self":[{"href":"https:\/\/weider.syntonize.dev\/it\/wp-json\/wp\/v2\/product\/54417"}],"collection":[{"href":"https:\/\/weider.syntonize.dev\/it\/wp-json\/wp\/v2\/product"}],"about":[{"href":"https:\/\/weider.syntonize.dev\/it\/wp-json\/wp\/v2\/types\/product"}],"wp:featuredmedia":[{"embeddable":true,"href":"https:\/\/weider.syntonize.dev\/it\/wp-json\/wp\/v2\/media\/53576"}],"wp:attachment":[{"href":"https:\/\/weider.syntonize.dev\/it\/wp-json\/wp\/v2\/media?parent=54417"}],"wp:term":[{"taxonomy":"product_cat","embeddable":true,"href":"https:\/\/weider.syntonize.dev\/it\/wp-json\/wp\/v2\/product_cat?post=54417"},{"taxonomy":"product_tag","embeddable":true,"href":"https:\/\/weider.syntonize.dev\/it\/wp-json\/wp\/v2\/product_tag?post=54417"}],"curies":[{"name":"wp","href":"https:\/\/api.w.org\/{rel}","templated":true}]}}