{"id":54404,"date":"2024-07-30T10:18:58","date_gmt":"2024-07-30T08:18:58","guid":{"rendered":"https:\/\/weider.syntonize.dev\/product\/pack-duo-fat-burner-2x120-caps\/"},"modified":"2024-07-30T10:19:06","modified_gmt":"2024-07-30T08:19:06","slug":"pack-duo-fat-burner-2x120-caps","status":"publish","type":"product","link":"https:\/\/weider.syntonize.dev\/it\/prodotto\/pack-duo-fat-burner-2x120-caps\/","title":{"rendered":"PACK DUO Fat Burner (2X120 Caps.)"},"content":{"rendered":"<p>Fat Burner es el quemador por excelencia de la l\u00ednea Victory. Ahora, con una<br \/>\nformulaci\u00f3n m\u00e1s activa para ayudarte a conseguir los resultados que deseas.<br \/>\ny lipotr\u00f3pico a la vez que inhibe la sensaci\u00f3n de apetito.<br \/>\nEn su composici\u00f3n destacamos:<br \/>\n\u2022 Herbal Complex: Combinaci\u00f3n de extractos naturales con efecto<br \/>\ntermog\u00e9nico. Su efecto sobre el metabolismo provoca un aumento del gasto<br \/>\ncal\u00f3rico basal incrementando las calor\u00edas consumidas por el cuerpo durante el<br \/>\nd\u00eda.<br \/>\n\u2022 L-Carnitina (100% Carnipure): Promueve el uso de las grasas como fuente<br \/>\nenerg\u00e9tica corporal, por lo que facilita la reducci\u00f3n de los dep\u00f3sitos de grasa<br \/>\ncorporal.<br \/>\n\u2022 Cromo: Tiene un efecto regulador sobre los niveles de insulina, lo que<br \/>\nFat Burner es el complemento ideal para aquellas personas que siguen dietas<br \/>\npara perder peso, pues es una herramienta esencial para focalizar tu esfuerzo<br \/>\nen la p\u00e9rdida de aquella grasa acumulada indeseada.<br \/>\nGracias a Fat Burner quemar\u00e1s m\u00e1s calor\u00edas durante el d\u00eda, sea cual sea tu<br \/>\nactividad f\u00edsica<\/p>","protected":false},"excerpt":{"rendered":"<p>\u2022 \u00a1NUEVA F\u00d3RMULA! \u2022 M\u00c1XIMO EFECTO TERMOG\u00c9NICO \u2022 \u00a1EL QUEMADOR M\u00c1S EFECTIVO!<\/p>","protected":false},"featured_media":0,"template":"","meta":{"inline_featured_image":false},"product_cat":[4785,4786,4781,4767],"product_tag":[],"acf":[],"_links":{"self":[{"href":"https:\/\/weider.syntonize.dev\/it\/wp-json\/wp\/v2\/product\/54404"}],"collection":[{"href":"https:\/\/weider.syntonize.dev\/it\/wp-json\/wp\/v2\/product"}],"about":[{"href":"https:\/\/weider.syntonize.dev\/it\/wp-json\/wp\/v2\/types\/product"}],"wp:attachment":[{"href":"https:\/\/weider.syntonize.dev\/it\/wp-json\/wp\/v2\/media?parent=54404"}],"wp:term":[{"taxonomy":"product_cat","embeddable":true,"href":"https:\/\/weider.syntonize.dev\/it\/wp-json\/wp\/v2\/product_cat?post=54404"},{"taxonomy":"product_tag","embeddable":true,"href":"https:\/\/weider.syntonize.dev\/it\/wp-json\/wp\/v2\/product_tag?post=54404"}],"curies":[{"name":"wp","href":"https:\/\/api.w.org\/{rel}","templated":true}]}}