{"id":54393,"date":"2024-07-30T10:18:58","date_gmt":"2024-07-30T08:18:58","guid":{"rendered":"https:\/\/weider.syntonize.dev\/product\/creatine-200-mesh-piruleta\/"},"modified":"2024-07-30T10:19:03","modified_gmt":"2024-07-30T08:19:03","slug":"creatine-200-mesh-piruleta","status":"publish","type":"product","link":"https:\/\/weider.syntonize.dev\/it\/prodotto\/creatine-200-mesh-piruleta\/","title":{"rendered":"Creatine 200 Mesh Piruleta"},"content":{"rendered":"<p>La creatina es un suplemento popular entre los deportistas debido a su capacidad para aumentar las reservas de fosfocreatina en los m\u00fasculos, lo que incrementa la producci\u00f3n de ATP, la principal fuente de energ\u00eda para esfuerzos de alta intensidad y corta duraci\u00f3n. La creatina 200 mesh est\u00e1 micronizada, mejorando su solubilidad y absorci\u00f3n, y est\u00e1 dise\u00f1ada para optimizar el rendimiento f\u00edsico en actividades intensas. Sus principales caracter\u00edsticas son: <\/p>\n<p>Alta pureza: Proceso de purificaci\u00f3n riguroso para garantizar la calidad. <\/p>\n<p>Absorci\u00f3n r\u00e1pida: Part\u00edculas finamente pulverizadas para una mejor absorci\u00f3n. <\/p>\n<p>Mejora del rendimiento f\u00edsico: Aumenta la fuerza muscular y resistencia. <\/p>\n<p>Aumento de masa muscular: Favorece el crecimiento de masa muscular magra. <\/p>\n<p>Adem\u00e1s, esta creatina es agradable al paladar, sin necesidad de mezclarse con otros productos, y es libre de az\u00facares a\u00f1adidos y grasas, utilizando edulcorante stevia y colorante natural. Tambi\u00e9n es apta para veganos.<\/p>","protected":false},"excerpt":{"rendered":"<p>\u2022 Aumento del rendimiento f\u00edsico<br \/>\n\u2022 Creatina de r\u00e1pida absorci\u00f3n<br \/>\n\u2022 Aumento de fuerza<\/p>","protected":false},"featured_media":53520,"template":"","meta":{"inline_featured_image":false},"product_cat":[4780,4769,4775,4776,4781,4767],"product_tag":[],"acf":[],"_links":{"self":[{"href":"https:\/\/weider.syntonize.dev\/it\/wp-json\/wp\/v2\/product\/54393"}],"collection":[{"href":"https:\/\/weider.syntonize.dev\/it\/wp-json\/wp\/v2\/product"}],"about":[{"href":"https:\/\/weider.syntonize.dev\/it\/wp-json\/wp\/v2\/types\/product"}],"wp:featuredmedia":[{"embeddable":true,"href":"https:\/\/weider.syntonize.dev\/it\/wp-json\/wp\/v2\/media\/53520"}],"wp:attachment":[{"href":"https:\/\/weider.syntonize.dev\/it\/wp-json\/wp\/v2\/media?parent=54393"}],"wp:term":[{"taxonomy":"product_cat","embeddable":true,"href":"https:\/\/weider.syntonize.dev\/it\/wp-json\/wp\/v2\/product_cat?post=54393"},{"taxonomy":"product_tag","embeddable":true,"href":"https:\/\/weider.syntonize.dev\/it\/wp-json\/wp\/v2\/product_tag?post=54393"}],"curies":[{"name":"wp","href":"https:\/\/api.w.org\/{rel}","templated":true}]}}