{"id":54382,"date":"2024-07-30T10:18:58","date_gmt":"2024-07-30T08:18:58","guid":{"rendered":"https:\/\/weider.syntonize.dev\/product\/fusion-protein-chocolate-brownie\/"},"modified":"2024-07-30T10:18:58","modified_gmt":"2024-07-30T08:18:58","slug":"fusion-protein-chocolate-brownie","status":"publish","type":"product","link":"https:\/\/weider.syntonize.dev\/it\/prodotto\/fusion-protein-chocolate-brownie\/","title":{"rendered":"Fusion Protein (Brownie al cioccolato)"},"content":{"rendered":"<p>Nuestra nueva prote\u00edna FUSION PROTEIN ha sido creada a base de 4 fuentes de prote\u00ednas de la<br \/>\nm\u00e1xima calidad posible, proporcionando todos los beneficios de la prote\u00edna animal y vegetal en un<br \/>\nsolo producto.<br \/>\nEstas cuatro fuentes son: Concentrado de suero de leche, aislado de suero de leche, aislado de<br \/>\nprote\u00edna de soja y concentrado de guisante amarillo. Debido a esta combinaci\u00f3n de prote\u00ednas hemos<br \/>\nobtenido una prote\u00edna con un perfecto perfil de amino\u00e1cidos, bajo en grasas y az\u00facares. De esta<br \/>\nmanera hemos dise\u00f1ado una prote\u00edna que te ayudara tanto en la ganancia muscular como en las<br \/>\netapas de definici\u00f3n.<br \/>\nFusi\u00f3n protein proporciona una cantidad de 4,3 g de amino\u00e1cidos ramificados(BCAAs) y 23g de<br \/>\nprote\u00edna por batido. Los BCAAs son amino\u00e1cidos esenciales que tienen un papel fundamental en el<br \/>\ndesarrollo y recuperaci\u00f3n muscular.<br \/>\nNuestra Fusi\u00f3n protein ha sido obtenida mediante cuidadosos procesos y que gracias a la combinaci\u00f3n<br \/>\ncon Stevia dan lugar a una prote\u00edna de f\u00e1cil digesti\u00f3n y con buen sabor. Por lo tanto, nuestra prote\u00edna<br \/>\nes id\u00f3nea para aquellos momentos donde tus necesidades proteicas deben estar cubiertas.<\/p>","protected":false},"excerpt":{"rendered":"<p>Combinaci\u00f3n de 4 fuentes diferentes de prote\u00ednas de alta calidad<br \/>\n\u2022 Con estevia (sin az\u00facares a\u00f1adidos)<br \/>\n\u2022 Ideal para fases de volumen, mantenimiento y definici\u00f3n muscular<\/p>","protected":false},"featured_media":53479,"template":"","meta":{"inline_featured_image":false},"product_cat":[4769,4766,4764,4774,4767],"product_tag":[],"acf":[],"_links":{"self":[{"href":"https:\/\/weider.syntonize.dev\/it\/wp-json\/wp\/v2\/product\/54382"}],"collection":[{"href":"https:\/\/weider.syntonize.dev\/it\/wp-json\/wp\/v2\/product"}],"about":[{"href":"https:\/\/weider.syntonize.dev\/it\/wp-json\/wp\/v2\/types\/product"}],"wp:featuredmedia":[{"embeddable":true,"href":"https:\/\/weider.syntonize.dev\/it\/wp-json\/wp\/v2\/media\/53479"}],"wp:attachment":[{"href":"https:\/\/weider.syntonize.dev\/it\/wp-json\/wp\/v2\/media?parent=54382"}],"wp:term":[{"taxonomy":"product_cat","embeddable":true,"href":"https:\/\/weider.syntonize.dev\/it\/wp-json\/wp\/v2\/product_cat?post=54382"},{"taxonomy":"product_tag","embeddable":true,"href":"https:\/\/weider.syntonize.dev\/it\/wp-json\/wp\/v2\/product_tag?post=54382"}],"curies":[{"name":"wp","href":"https:\/\/api.w.org\/{rel}","templated":true}]}}