{"id":54094,"date":"2024-07-30T10:10:56","date_gmt":"2024-07-30T08:10:56","guid":{"rendered":"https:\/\/weider.syntonize.dev\/product\/energy-boost-gel-cafeina\/"},"modified":"2024-07-30T10:15:34","modified_gmt":"2024-07-30T08:15:34","slug":"energy-boost-gel-cafeina","status":"publish","type":"product","link":"https:\/\/weider.syntonize.dev\/it\/prodotto\/energy-boost-gel-cafeina\/","title":{"rendered":"Gel energetico + caffeina"},"content":{"rendered":"<p>Combinaci\u00f3n en forma de gel de hidratos de carbono complejos y simples, cafe\u00edna,<br \/>\namino\u00e1cidos, electrolitos y vitaminas para retrasar la fatiga y mejorar el rendimiento<br \/>\ndurante el ejercicio. Con cafe\u00edna y Guaran\u00e1 que reduce la sensaci\u00f3n de cansancio y<br \/>\noptimiza el metabolismo.<br \/>\nPresentado en un envase ergon\u00f3mico dise\u00f1ado para el perfecto transporte y<br \/>\nutilizaci\u00f3n del deportista. Carbo Optimum Complex: mezcla de hidratos de carbono de los tres<br \/>\n\u00cdndices Gluc\u00e9micos (alto, medio y bajo) en las proporciones adecuadas<br \/>\n(1:2:1) para evitar picos de glucosa.<br \/>\n\u2022 Cafe\u00edna y Guaran\u00e1: Ingrediente con demostrada acci\u00f3n ergog\u00e9nica,<br \/>\nes decir, que mejora el rendimiento. A corto plazo porque estimula el<br \/>\nSNC (Sistema Nervioso Central) aumentando nuestra capacidad de<br \/>\nconcentraci\u00f3n, etc. pero en realidad nos ayuda a largo plazo porque: 1)<br \/>\nactiva el metabolismo de las grasas, es decir, que facilita su uso con fines<br \/>\nenerg\u00e9ticos, lo que mejora el rendimiento porque ahorra gluc\u00f3geno; 2)<br \/>\nmejora la contracci\u00f3n muscular.<br \/>\n\u2022 L-Arginina: Amino\u00e1cido precursor del \u00f3xido n\u00edtrico, importante<br \/>\nvasodilatador que nos permite mejorar el transporte de ox\u00edgeno y nutrientes<br \/>\na las c\u00e9lulas. Adem\u00e1s este amino\u00e1cido es muy importante en los procesos de<br \/>\neliminaci\u00f3n de toxinas que se generan durante la pr\u00e1ctica deportiva.<br \/>\n\u2022 Taurina: Amino\u00e1cido que mejora los procesos de osmoregulaci\u00f3n,<br \/>\nfundamental en deportes de resistencia. Mejora la asimilaci\u00f3n del resto de<br \/>\nnutrientes.<br \/>\n\u2022 Electrolitos: En deportes de resistencia restablecer el equilibrio electrol\u00edtico<br \/>\nde la c\u00e9lula es fundamental para que se produzca una buena respuesta<br \/>\nmuscular. Los m\u00e1s importantes son:<br \/>\n\u2022 Potasio: Fundamental en el transporte de glucosa a la c\u00e9lula muscular.<br \/>\n\u2022 Magnesio: Forma parte de m\u00e1s de 300 enzimas, est\u00e1 relacionado con<br \/>\nla transmisi\u00f3n del impulso nervioso, contracci\u00f3n\/relajaci\u00f3n muscular y<br \/>\nproducci\u00f3n de ATP (mol\u00e9cula energ\u00e9tica).<br \/>\n\u2022 Sodio y Cloro: Son fundamentales para la correcta regulaci\u00f3n del<br \/>\nbalance h\u00eddrico.<br \/>\n\u2022 Vitamina B6 y Tiamina: Importantes en el metabolismo proteico y de<br \/>\nlos hidratos de carbono respectivamente.<\/p>","protected":false},"excerpt":{"rendered":"<p>F\u00f3rmula avanzada para proporcionar energ\u00eda durante el ejercicio<br \/>\n\u00a1Energ\u00eda y Rendimiento!<br \/>\nCon cafe\u00edna para retrasar la fatiga y mejorar el rendimiento<\/p>","protected":false},"featured_media":54355,"template":"","meta":{"inline_featured_image":false},"product_cat":[4777,4788,4776,4782],"product_tag":[],"acf":[],"_links":{"self":[{"href":"https:\/\/weider.syntonize.dev\/it\/wp-json\/wp\/v2\/product\/54094"}],"collection":[{"href":"https:\/\/weider.syntonize.dev\/it\/wp-json\/wp\/v2\/product"}],"about":[{"href":"https:\/\/weider.syntonize.dev\/it\/wp-json\/wp\/v2\/types\/product"}],"wp:featuredmedia":[{"embeddable":true,"href":"https:\/\/weider.syntonize.dev\/it\/wp-json\/wp\/v2\/media\/54355"}],"wp:attachment":[{"href":"https:\/\/weider.syntonize.dev\/it\/wp-json\/wp\/v2\/media?parent=54094"}],"wp:term":[{"taxonomy":"product_cat","embeddable":true,"href":"https:\/\/weider.syntonize.dev\/it\/wp-json\/wp\/v2\/product_cat?post=54094"},{"taxonomy":"product_tag","embeddable":true,"href":"https:\/\/weider.syntonize.dev\/it\/wp-json\/wp\/v2\/product_tag?post=54094"}],"curies":[{"name":"wp","href":"https:\/\/api.w.org\/{rel}","templated":true}]}}