{"id":54052,"date":"2024-07-30T10:06:35","date_gmt":"2024-07-30T08:06:35","guid":{"rendered":"https:\/\/weider.syntonize.dev\/product\/protein-80-plus\/"},"modified":"2024-07-30T10:10:55","modified_gmt":"2024-07-30T08:10:55","slug":"protein-80-plus","status":"publish","type":"product","link":"https:\/\/weider.syntonize.dev\/it\/prodotto\/proteine-80-plus\/","title":{"rendered":"Proteine 80 Plus"},"content":{"rendered":"<p>PROTEIN 80 PLUS ofrece una combinaci\u00f3n de prote\u00ednas ideal para consumir entre comidas o antes de dormir, ya que proporciona amino\u00e1cidos de manera sostenida durante m\u00e1s de 7 horas, previniendo la p\u00e9rdida de masa muscular durante per\u00edodos prolongados sin ingesta de alimentos, como entre comidas o durante la noche. <\/p>\n<p>Este producto tiene un bajo contenido de carbohidratos y grasa, lo que lo hace adecuado para quienes buscan controlar su ingesta cal\u00f3rica. <\/p>\n<p>La combinaci\u00f3n de prote\u00ednas incluye: <\/p>\n<p>Prote\u00edna de Leche (Case\u00edna): Ofrece una liberaci\u00f3n lenta y prolongada de prote\u00ednas durante m\u00e1s de siete horas, siendo rica en L-Glutamina. <\/p>\n<p>Aislado de Prote\u00edna de Leche: Con m\u00e1s del 90% de prote\u00edna en peso seco, bajo en grasa e hidratos de carbono. <\/p>\n<p>Prote\u00edna de Suero: De r\u00e1pida asimilaci\u00f3n, proporciona amino\u00e1cidos ramificados (BCAAs) entre otros. <\/p>\n<p>Prote\u00edna de Huevo (Alb\u00famina): Contiene amino\u00e1cidos ricos en azufre, aumentando el valor biol\u00f3gico del producto. <\/p>\n<p>Esta combinaci\u00f3n de prote\u00ednas ofrece una variedad de velocidades de absorci\u00f3n, lo que la hace adecuada para diferentes momentos del d\u00eda, contribuyendo a la s\u00edntesis de prote\u00ednas y al mantenimiento de la masa muscular.<\/p>","protected":false},"excerpt":{"rendered":"<p>Alto en prote\u00ednas, bajo en hidratos de carbono<br \/>\nCombinaci\u00f3n id\u00f3nea de 4 prote\u00ednas: Caseinato, aislado de prote\u00edna l\u00e1ctea, suero y huevo<br \/>\nAporte sostenido de amino\u00e1cidos durante m\u00e1s de 7 horas<\/p>","protected":false},"featured_media":54333,"template":"","meta":{"inline_featured_image":false},"product_cat":[4780,4769,4766,4764,4772,4767],"product_tag":[],"acf":[],"_links":{"self":[{"href":"https:\/\/weider.syntonize.dev\/it\/wp-json\/wp\/v2\/product\/54052"}],"collection":[{"href":"https:\/\/weider.syntonize.dev\/it\/wp-json\/wp\/v2\/product"}],"about":[{"href":"https:\/\/weider.syntonize.dev\/it\/wp-json\/wp\/v2\/types\/product"}],"wp:featuredmedia":[{"embeddable":true,"href":"https:\/\/weider.syntonize.dev\/it\/wp-json\/wp\/v2\/media\/54333"}],"wp:attachment":[{"href":"https:\/\/weider.syntonize.dev\/it\/wp-json\/wp\/v2\/media?parent=54052"}],"wp:term":[{"taxonomy":"product_cat","embeddable":true,"href":"https:\/\/weider.syntonize.dev\/it\/wp-json\/wp\/v2\/product_cat?post=54052"},{"taxonomy":"product_tag","embeddable":true,"href":"https:\/\/weider.syntonize.dev\/it\/wp-json\/wp\/v2\/product_tag?post=54052"}],"curies":[{"name":"wp","href":"https:\/\/api.w.org\/{rel}","templated":true}]}}