{"id":54032,"date":"2024-07-30T10:06:35","date_gmt":"2024-07-30T08:06:35","guid":{"rendered":"https:\/\/weider.syntonize.dev\/product\/gold-whey\/"},"modified":"2024-07-30T10:10:55","modified_gmt":"2024-07-30T08:10:55","slug":"gold-whey","status":"publish","type":"product","link":"https:\/\/weider.syntonize.dev\/it\/prodotto\/gold-whey\/","title":{"rendered":"Siero di latte d'oro"},"content":{"rendered":"<p>Gold Whey de Weider es una prote\u00edna obtenida mediante un proceso de ultrafiltraci\u00f3n, lo que garantiza su m\u00e1xima calidad y f\u00e1cil digesti\u00f3n. Es una opci\u00f3n ideal para quienes buscan aumentar masa muscular, tonificar o definir, ya que proporciona un 77% de prote\u00edna de alta calidad y es libre de aspartamo. <\/p>\n<p>Esta prote\u00edna destaca por su excepcional contenido de BCAAs (amino\u00e1cidos esenciales para el desarrollo y recuperaci\u00f3n muscular), con 23 g por cada 100 g de prote\u00edna. Gracias a su f\u00e1cil digesti\u00f3n, los amino\u00e1cidos se entregan r\u00e1pidamente al m\u00fasculo para iniciar la recuperaci\u00f3n de manera eficaz. <\/p>\n<p>El proceso de ultrafiltraci\u00f3n preserva la integridad de la prote\u00edna, manteniendo su aminograma rico en BCAAs y los p\u00e9ptidos bioactivos de la prote\u00edna de leche, lo que beneficia a\u00fan m\u00e1s a los m\u00fasculos. <\/p>\n<p>Adem\u00e1s, Gold Whey de Weider ofrece una amplia gama de sabores con una textura y sabor excepcionales, asegurando una experiencia agradable al consumirla.<\/p>","protected":false},"excerpt":{"rendered":"<p>Obtenida por procesos de ultrafiltraci\u00f3n.<br \/>\nIdeal para fases de volumen, mantenimiento o definici\u00f3n muscular.<br \/>\nF\u00e1cil absorci\u00f3n, bajo en grasa y en az\u00facares<\/p>","protected":false},"featured_media":54321,"template":"","meta":{"inline_featured_image":false},"product_cat":[4780,4769,4766,4764,4772,4767],"product_tag":[],"acf":[],"_links":{"self":[{"href":"https:\/\/weider.syntonize.dev\/it\/wp-json\/wp\/v2\/product\/54032"}],"collection":[{"href":"https:\/\/weider.syntonize.dev\/it\/wp-json\/wp\/v2\/product"}],"about":[{"href":"https:\/\/weider.syntonize.dev\/it\/wp-json\/wp\/v2\/types\/product"}],"wp:featuredmedia":[{"embeddable":true,"href":"https:\/\/weider.syntonize.dev\/it\/wp-json\/wp\/v2\/media\/54321"}],"wp:attachment":[{"href":"https:\/\/weider.syntonize.dev\/it\/wp-json\/wp\/v2\/media?parent=54032"}],"wp:term":[{"taxonomy":"product_cat","embeddable":true,"href":"https:\/\/weider.syntonize.dev\/it\/wp-json\/wp\/v2\/product_cat?post=54032"},{"taxonomy":"product_tag","embeddable":true,"href":"https:\/\/weider.syntonize.dev\/it\/wp-json\/wp\/v2\/product_tag?post=54032"}],"curies":[{"name":"wp","href":"https:\/\/api.w.org\/{rel}","templated":true}]}}