{"id":53959,"date":"2024-07-30T10:03:40","date_gmt":"2024-07-30T08:03:40","guid":{"rendered":"https:\/\/weider.syntonize.dev\/product\/recovery-bar-whey-protein\/"},"modified":"2024-07-30T10:06:34","modified_gmt":"2024-07-30T08:06:34","slug":"recovery-bar-whey-protein","status":"publish","type":"product","link":"https:\/\/weider.syntonize.dev\/it\/prodotto\/recovery-bar-whey-protein\/","title":{"rendered":"Recovery Bar Whey Protein"},"content":{"rendered":"<p>Esta deliciosa barrita ha sido elaborada con un 32% de prote\u00edna, pero adem\u00e1s se le han a\u00f1adido una cobertura de crujiente galleta y chocolate que la hace irresistible. Recovery Bar ha sido dise\u00f1ada para contener las proporciones adecuadas de nutrientes asegurando as\u00ed una recuperaci\u00f3n \u00f3ptima. Adem\u00e1s, se complementa con un extenso complejo vitam\u00ednico que la convierte en una barrita muy sana. Por todo ello, Recovery Bar es la barrita ideal para tomar despu\u00e9s de los esfuerzos intensos y prolongados.<\/p>","protected":false},"excerpt":{"rendered":"<p>Deliciosa barrita waffer con cobertura de chocolate<br \/>\nCon 32% de prote\u00edna<br \/>\nAhora con menso az\u00facar<\/p>","protected":false},"featured_media":54282,"template":"","meta":{"inline_featured_image":false},"product_cat":[4764,4779,4782],"product_tag":[],"acf":[],"_links":{"self":[{"href":"https:\/\/weider.syntonize.dev\/it\/wp-json\/wp\/v2\/product\/53959"}],"collection":[{"href":"https:\/\/weider.syntonize.dev\/it\/wp-json\/wp\/v2\/product"}],"about":[{"href":"https:\/\/weider.syntonize.dev\/it\/wp-json\/wp\/v2\/types\/product"}],"wp:featuredmedia":[{"embeddable":true,"href":"https:\/\/weider.syntonize.dev\/it\/wp-json\/wp\/v2\/media\/54282"}],"wp:attachment":[{"href":"https:\/\/weider.syntonize.dev\/it\/wp-json\/wp\/v2\/media?parent=53959"}],"wp:term":[{"taxonomy":"product_cat","embeddable":true,"href":"https:\/\/weider.syntonize.dev\/it\/wp-json\/wp\/v2\/product_cat?post=53959"},{"taxonomy":"product_tag","embeddable":true,"href":"https:\/\/weider.syntonize.dev\/it\/wp-json\/wp\/v2\/product_tag?post=53959"}],"curies":[{"name":"wp","href":"https:\/\/api.w.org\/{rel}","templated":true}]}}