{"id":53855,"date":"2024-07-30T09:52:52","date_gmt":"2024-07-30T07:52:52","guid":{"rendered":"https:\/\/weider.syntonize.dev\/product\/60-protein-bar\/"},"modified":"2024-07-30T12:55:14","modified_gmt":"2024-07-30T10:55:14","slug":"60-protein-bar","status":"publish","type":"product","link":"https:\/\/weider.syntonize.dev\/it\/prodotto\/60-protein-bar\/","title":{"rendered":"60% Barretta proteica"},"content":{"rendered":"<p>La 60% Protein Bar ofrece un nivel de prote\u00edna sin precedentes en una barrita, con hasta 27 gramos de prote\u00edna por unidad. Las prote\u00ednas son fundamentales para el crecimiento y mantenimiento muscular, ya sea para desarrollar masa muscular o definir y tonificar el cuerpo. <\/p>\n<p>Con solo 168 kcal por barrita, y menos de 5 gramos de grasa y apenas 0.4 gramos de az\u00facares, es una excelente opci\u00f3n para quienes buscan definir o perder peso. Adem\u00e1s, cada barrita proporciona 4 gramos de BCAAs en la proporci\u00f3n \u00f3ptima 2:1:1 para el desarrollo muscular y 2.5 gramos de L-glutamina para promover la recuperaci\u00f3n despu\u00e9s del ejercicio. <\/p>\n<p>La f\u00f3rmula exclusiva de la 60% Protein Bar incluye 5 mg de zinc, un mineral esencial para la funci\u00f3n hormonal y la capacidad antioxidante del cuerpo. Adem\u00e1s, est\u00e1 elaborada sin aspartamo ni aceite de palma. <\/p>\n<p>Es vers\u00e1til y puede ser consumida en diferentes momentos del d\u00eda: por la ma\u00f1ana como parte de un desayuno rico en prote\u00ednas, entre horas como tentempi\u00e9, como merienda antes del entrenamiento o para recuperarse despu\u00e9s de \u00e9l. Su delicioso recubrimiento de chocolate y sus fabulosos sabores hacen que cada bocado sea una delicia mientras cubres tus necesidades de prote\u00ednas.<\/p>","protected":false},"excerpt":{"rendered":"<p>Contiene 3 g de BCAA\u2018s por barrita<br \/>\n\u2022 Contiene 2,5 g de Glutamina por barrita<br \/>\n\u2022 60% deprote\u00edna y un sabor incre\u00edble<br \/>\n\u2022 S\u00f3lo 0,4 g de az\u00facar por barrita<\/p>","protected":false},"featured_media":54219,"template":"","meta":{"inline_featured_image":false},"product_cat":[4777,4780,4769,4842,4764,4779,4767],"product_tag":[],"acf":[],"_links":{"self":[{"href":"https:\/\/weider.syntonize.dev\/it\/wp-json\/wp\/v2\/product\/53855"}],"collection":[{"href":"https:\/\/weider.syntonize.dev\/it\/wp-json\/wp\/v2\/product"}],"about":[{"href":"https:\/\/weider.syntonize.dev\/it\/wp-json\/wp\/v2\/types\/product"}],"wp:featuredmedia":[{"embeddable":true,"href":"https:\/\/weider.syntonize.dev\/it\/wp-json\/wp\/v2\/media\/54219"}],"wp:attachment":[{"href":"https:\/\/weider.syntonize.dev\/it\/wp-json\/wp\/v2\/media?parent=53855"}],"wp:term":[{"taxonomy":"product_cat","embeddable":true,"href":"https:\/\/weider.syntonize.dev\/it\/wp-json\/wp\/v2\/product_cat?post=53855"},{"taxonomy":"product_tag","embeddable":true,"href":"https:\/\/weider.syntonize.dev\/it\/wp-json\/wp\/v2\/product_tag?post=53855"}],"curies":[{"name":"wp","href":"https:\/\/api.w.org\/{rel}","templated":true}]}}