{"id":53846,"date":"2024-07-30T09:52:52","date_gmt":"2024-07-30T07:52:52","guid":{"rendered":"https:\/\/weider.syntonize.dev\/product\/40-prot-low-carb-bar\/"},"modified":"2024-07-30T09:57:45","modified_gmt":"2024-07-30T07:57:45","slug":"40-prot-low-carb-bar","status":"publish","type":"product","link":"https:\/\/weider.syntonize.dev\/it\/prodotto\/40-prot-low-carb-bar\/","title":{"rendered":"40% Prot. Barretta a basso contenuto di carboidrati"},"content":{"rendered":"<p>40% LOW CARB HIGH PROTEIN BAR es una barrita de prote\u00edna dise\u00f1ada especialmente para atletas que buscan una ingesta baja en carbohidratos.  <\/p>\n<p>\u2022 40% de prote\u00edna por barrita: La prote\u00edna es un nutriente esencial para mejorar el proceso de recuperaci\u00f3n de los m\u00fasculos. Tan importante como el ejercicio es aportar al cuerpo la cantidad necesaria de prote\u00ednas para tener una recuperaci\u00f3n y crecimiento muscular \u00f3ptimos. <\/p>\n<p>\u2022 2% netos de hidratos de carbono: Esta barrita ofrece s\u00f3lo un 2% de carbohidratos netos, ya que los hidratos de carbono que presenta son mayoritariamente polioles que no pueden ser asimilados por el cuerpo, por lo que aportan pocas calor\u00edas, siendo la ingesta real del 2%. <\/p>\n<p>Esta barrita se distingue como la opci\u00f3n m\u00e1s baja en carbohidratos netos disponible en el mercado.<\/p>","protected":false},"excerpt":{"rendered":"<p>Te aporta 40% de prote\u00edna limpia y s\u00f3lo 2gr carbohidratos netos por barrita. Completo ideal durante la fase de desarrollo muscular.<\/p>","protected":false},"featured_media":54214,"template":"","meta":{"inline_featured_image":false},"product_cat":[4780,4769,4764,4779,4767],"product_tag":[],"acf":[],"_links":{"self":[{"href":"https:\/\/weider.syntonize.dev\/it\/wp-json\/wp\/v2\/product\/53846"}],"collection":[{"href":"https:\/\/weider.syntonize.dev\/it\/wp-json\/wp\/v2\/product"}],"about":[{"href":"https:\/\/weider.syntonize.dev\/it\/wp-json\/wp\/v2\/types\/product"}],"wp:featuredmedia":[{"embeddable":true,"href":"https:\/\/weider.syntonize.dev\/it\/wp-json\/wp\/v2\/media\/54214"}],"wp:attachment":[{"href":"https:\/\/weider.syntonize.dev\/it\/wp-json\/wp\/v2\/media?parent=53846"}],"wp:term":[{"taxonomy":"product_cat","embeddable":true,"href":"https:\/\/weider.syntonize.dev\/it\/wp-json\/wp\/v2\/product_cat?post=53846"},{"taxonomy":"product_tag","embeddable":true,"href":"https:\/\/weider.syntonize.dev\/it\/wp-json\/wp\/v2\/product_tag?post=53846"}],"curies":[{"name":"wp","href":"https:\/\/api.w.org\/{rel}","templated":true}]}}