{"id":53804,"date":"2024-07-30T09:52:52","date_gmt":"2024-07-30T07:52:52","guid":{"rendered":"https:\/\/weider.syntonize.dev\/product\/premium-eaa-zero\/"},"modified":"2024-07-30T09:57:45","modified_gmt":"2024-07-30T07:57:45","slug":"premium-eaa-zero","status":"publish","type":"product","link":"https:\/\/weider.syntonize.dev\/it\/prodotto\/premium-eaa-zero\/","title":{"rendered":"Premium EAA Zero"},"content":{"rendered":"<p>Premium EAA Zero ofrece todos los amino\u00e1cidos esenciales, incluidos los amino\u00e1cidos ramificados (BCAA&#8217;s), en las proporciones \u00f3ptimas para estimular la s\u00edntesis proteica y favorecer una adecuada recuperaci\u00f3n despu\u00e9s del entrenamiento.  <\/p>\n<p>Estos amino\u00e1cidos son esenciales porque el cuerpo no puede producirlos por s\u00ed mismo y deben ser consumidos a trav\u00e9s de la dieta.  <\/p>\n<p>Weider ha creado esta f\u00f3rmula Premium sin ingredientes de relleno, utilizando amino\u00e1cidos de origen vegano y sin colorantes artificiales, y sin az\u00facares a\u00f1adidos, lo que la hace ideal para proteger la musculatura antes del entrenamiento, para recuperarse despu\u00e9s del mismo, o para aquellos preocupados por el consumo de az\u00facar y que deseen controlar cuidadosamente los nutrientes de su dieta.  <\/p>\n<p>Disponible en sabores tropical y Pink Limonade, Premium EAA Zero ofrece una experiencia deliciosa sin dejar de ser altamente efectiva.  <\/p>\n<p>Las principales caracter\u00edsticas incluyen la ausencia de az\u00facar, 10,195 mg de amino\u00e1cidos esenciales por dosis, 6,282 mg de amino\u00e1cidos ramificados por dosis, fuente de amino\u00e1cidos vegana, y sin colorantes artificiales ni ingredientes de relleno.<\/p>","protected":false},"excerpt":{"rendered":"<p>10,195 mg de amino\u00e1cidos esenciales por dosis<br \/>\nSABOR: Tropical y Pink Limonade<br \/>\nMODO DE EMPLEO: Mezclar 13 g de polvo (1 medida de cazo) en 500 ml de agua.<br \/>\nPRESENTACI\u00d3N: Bote 325 g<br \/>\nZERO az\u00facar<br \/>\nTotalmente libres de ingredientes de relleno<\/p>","protected":false},"featured_media":54190,"template":"","meta":{"inline_featured_image":false},"product_cat":[4777,4769,4766,4776,4763,4767],"product_tag":[],"acf":[],"_links":{"self":[{"href":"https:\/\/weider.syntonize.dev\/it\/wp-json\/wp\/v2\/product\/53804"}],"collection":[{"href":"https:\/\/weider.syntonize.dev\/it\/wp-json\/wp\/v2\/product"}],"about":[{"href":"https:\/\/weider.syntonize.dev\/it\/wp-json\/wp\/v2\/types\/product"}],"wp:featuredmedia":[{"embeddable":true,"href":"https:\/\/weider.syntonize.dev\/it\/wp-json\/wp\/v2\/media\/54190"}],"wp:attachment":[{"href":"https:\/\/weider.syntonize.dev\/it\/wp-json\/wp\/v2\/media?parent=53804"}],"wp:term":[{"taxonomy":"product_cat","embeddable":true,"href":"https:\/\/weider.syntonize.dev\/it\/wp-json\/wp\/v2\/product_cat?post=53804"},{"taxonomy":"product_tag","embeddable":true,"href":"https:\/\/weider.syntonize.dev\/it\/wp-json\/wp\/v2\/product_tag?post=53804"}],"curies":[{"name":"wp","href":"https:\/\/api.w.org\/{rel}","templated":true}]}}