{"id":53779,"date":"2024-07-30T12:33:36","date_gmt":"2024-07-30T10:33:36","guid":{"rendered":"https:\/\/weider.syntonize.dev\/product\/pro-whey-complex-protein\/"},"modified":"2024-07-30T12:34:48","modified_gmt":"2024-07-30T10:34:48","slug":"pro-whey-complex-protein","status":"publish","type":"product","link":"https:\/\/weider.syntonize.dev\/it\/prodotto\/pro-whey-complex-protein\/","title":{"rendered":"Pro Whey Complex Protein"},"content":{"rendered":"<p>ProWhey Complex de Weider es una prote\u00edna formulada con las mejores fuentes de prote\u00ednas l\u00e1cteas, incluyendo concentrados y aislados de lactosuero y case\u00edna micelar. Proporciona 3.4g de BCAA\u2019s por porci\u00f3n y puede consumirse en el desayuno, entre comidas o despu\u00e9s de entrenar. <\/p>\n<p>Razones para elegir ProWhey Complex: <\/p>\n<p>L-Glutamina: Optimiza la recuperaci\u00f3n muscular y energ\u00e9tica, ayuda a la voluminizaci\u00f3n celular y potencia la s\u00edntesis proteica. <\/p>\n<p>MCTs: Proveen energ\u00eda durante dietas estrictas y mejoran la recuperaci\u00f3n post-entrenamiento. <\/p>\n<p>Creatina: Mejora el rendimiento f\u00edsico en ejercicios de alta intensidad. <\/p>\n<p>Vitamina B6: Contribuye al metabolismo de prote\u00ednas y gluc\u00f3geno, y regula la actividad hormonal. <\/p>\n<p>Bromela\u00edna: Facilita la digesti\u00f3n de prote\u00ednas y la disponibilidad de amino\u00e1cidos esenciales post-entrenamiento. <\/p>\n<p>Factor de calidad: <\/p>\n<p>Alta en lisina, lo que indica un proceso de elaboraci\u00f3n sin tratamientos t\u00e9rmicos, garantizando un elevado valor biol\u00f3gico. <\/p>\n<p>ProWhey Complex es funcional y econ\u00f3mica, ayudando a aumentar o mantener la masa muscular tanto en per\u00edodos de volumen como de definici\u00f3n.<\/p>","protected":false},"excerpt":{"rendered":"<p>Recuperaci\u00f3n, crecimiento y funcionalidad<\/p>\n<p>Combinaci\u00f3n de las mejores prote\u00ednas l\u00e1cteas<br \/>\nCon un aporte extra de: Creatina, Glutamina, MCTS y Vitamina B6<br \/>\nOptimiza la recuperaci\u00f3n y el crecimiento muscular al mejor precio<\/p>","protected":false},"featured_media":54819,"template":"","meta":{"inline_featured_image":false},"product_cat":[4769,4775,4766,4764,4774,4767],"product_tag":[],"acf":[],"_links":{"self":[{"href":"https:\/\/weider.syntonize.dev\/it\/wp-json\/wp\/v2\/product\/53779"}],"collection":[{"href":"https:\/\/weider.syntonize.dev\/it\/wp-json\/wp\/v2\/product"}],"about":[{"href":"https:\/\/weider.syntonize.dev\/it\/wp-json\/wp\/v2\/types\/product"}],"wp:featuredmedia":[{"embeddable":true,"href":"https:\/\/weider.syntonize.dev\/it\/wp-json\/wp\/v2\/media\/54819"}],"wp:attachment":[{"href":"https:\/\/weider.syntonize.dev\/it\/wp-json\/wp\/v2\/media?parent=53779"}],"wp:term":[{"taxonomy":"product_cat","embeddable":true,"href":"https:\/\/weider.syntonize.dev\/it\/wp-json\/wp\/v2\/product_cat?post=53779"},{"taxonomy":"product_tag","embeddable":true,"href":"https:\/\/weider.syntonize.dev\/it\/wp-json\/wp\/v2\/product_tag?post=53779"}],"curies":[{"name":"wp","href":"https:\/\/api.w.org\/{rel}","templated":true}]}}