{"id":51396,"date":"2024-04-19T08:52:06","date_gmt":"2024-04-19T06:52:06","guid":{"rendered":"https:\/\/weider.syntonize.dev\/?page_id=51396"},"modified":"2024-04-19T08:56:23","modified_gmt":"2024-04-19T06:56:23","slug":"politica-de-privacidad","status":"publish","type":"page","link":"https:\/\/weider.syntonize.dev\/it\/politica-de-privacidad\/","title":{"rendered":"Informativa sulla privacy"},"content":{"rendered":"<div data-elementor-type=\"wp-page\" data-elementor-id=\"51396\" class=\"elementor elementor-51396\">\n\t\t\t\t\t\t<section class=\"elementor-section elementor-top-section elementor-element elementor-element-5c3c632 we-legales elementor-section-boxed elementor-section-height-default elementor-section-height-default\" data-id=\"5c3c632\" data-element_type=\"section\">\n\t\t\t\t\t\t<div class=\"elementor-container elementor-column-gap-default\">\n\t\t\t\t\t<div class=\"elementor-column elementor-col-100 elementor-top-column elementor-element elementor-element-f92a2e2\" data-id=\"f92a2e2\" data-element_type=\"column\">\n\t\t\t<div class=\"elementor-widget-wrap elementor-element-populated\">\n\t\t\t\t\t\t<div class=\"elementor-element elementor-element-27224d0 elementor-widget elementor-widget-heading\" data-id=\"27224d0\" data-element_type=\"widget\" data-widget_type=\"heading.default\">\n\t\t\t\t<div class=\"elementor-widget-container\">\n\t\t\t<style>\/*! elementor - v3.20.0 - 20-03-2024 *\/\n.elementor-heading-title{padding:0;margin:0;line-height:1}.elementor-widget-heading .elementor-heading-title[class*=elementor-size-]>a{color:inherit;font-size:inherit;line-height:inherit}.elementor-widget-heading .elementor-heading-title.elementor-size-small{font-size:15px}.elementor-widget-heading .elementor-heading-title.elementor-size-medium{font-size:19px}.elementor-widget-heading .elementor-heading-title.elementor-size-large{font-size:29px}.elementor-widget-heading .elementor-heading-title.elementor-size-xl{font-size:39px}.elementor-widget-heading .elementor-heading-title.elementor-size-xxl{font-size:59px}<\/style><h1 class=\"elementor-heading-title elementor-size-default\">Pol\u00edtica de Privacidad<\/h1>\t\t<\/div>\n\t\t\t\t<\/div>\n\t\t\t\t<div class=\"elementor-element elementor-element-f112225 elementor-widget elementor-widget-text-editor\" data-id=\"f112225\" data-element_type=\"widget\" data-widget_type=\"text-editor.default\">\n\t\t\t\t<div class=\"elementor-widget-container\">\n\t\t\t<style>\/*! elementor - v3.20.0 - 20-03-2024 *\/\n.elementor-widget-text-editor.elementor-drop-cap-view-stacked .elementor-drop-cap{background-color:#69727d;color:#fff}.elementor-widget-text-editor.elementor-drop-cap-view-framed .elementor-drop-cap{color:#69727d;border:3px solid;background-color:transparent}.elementor-widget-text-editor:not(.elementor-drop-cap-view-default) .elementor-drop-cap{margin-top:8px}.elementor-widget-text-editor:not(.elementor-drop-cap-view-default) .elementor-drop-cap-letter{width:1em;height:1em}.elementor-widget-text-editor .elementor-drop-cap{float:left;text-align:center;line-height:1;font-size:50px}.elementor-widget-text-editor .elementor-drop-cap-letter{display:inline-block}<\/style>\t\t\t\t<h2><strong>1. Pol\u00edtica de Privacidad<\/strong><\/h2><p>Weider Nutrition SL, con N\u00famero de Identificaci\u00f3n Fiscal B81523888 (Registro Mercantil de Madrid Tomo 11.273, libro 0, folio 55, secci\u00f3n 8\u00aa, hoja m-177220, provee esta pol\u00edtica de privacidad para informarte sobre nuestras pol\u00edticas y procedimientos, de recopilaci\u00f3n, uso y borrado de la informaci\u00f3n\u00a0 personal que hemos recibido de vosotros. La pol\u00edtica de privacidad puede ser actualizada. Ponemos en tu conocimiento que las actualizaciones estar\u00e1n disponible en este enlace (<a href=\"http:\/\/www.weiderworld.es\/privacy\">www.weiderworld.es\/privacy<\/a>) y te recomendamos\u00a0 que consultes los cambios que puedan producirse. Como parte de esta pol\u00edtica, los t\u00e9rminos uso y procedimientos puede incluir el uso de cookies, y pueden estar sometidos a tratamientos estad\u00edsticos y anal\u00edticos, y el uso\u00a0 de esos datos recopilados para evaluarlos, usarlos, combinarlos y transferidos a nuestra organizaci\u00f3n, o filiales o matriz en Espa\u00f1a o internacionalmente.<\/p><h2><strong>2. Qui\u00e9n es el responsable del tratamiento de sus datos personales<\/strong><\/h2><p><strong>Weider Nutrition, S.L.<\/strong><br \/>N.I.F. B81523888<\/p><p>C\/ Electr\u00f3nica 39-41<br \/>28923 Alcorc\u00f3n<br \/>Madrid (Espa\u00f1a)<br \/>Correo electr\u00f3nico:\u00a0<a href=\"mailto:\">info@weider.es<\/a><\/p><h2><strong>3. Punto de contacto de protecci\u00f3n de datos<\/strong><\/h2><p>Tenemos\u00a0 organizado un punto de contacto de protecci\u00f3n de datos. Para cualquier pregunta, solicitud o queja relacionada con la aplicaci\u00f3n\u00a0 de esta pol\u00edtica de privacidad o para ejercer sus derechos, puede comunicarse con nosotros a trav\u00e9s de dos sistemas:<\/p><ul><li>Carta: C\/ Electr\u00f3nica 39-41, 28923 Alcorc\u00f3n- Madrid (Espa\u00f1a)<\/li><li>Correo electr\u00f3nico: info@weider.es<\/li><\/ul><h2><strong>4. Principios clave<\/strong><\/h2><p>4.1.-Legalidad: Recopilamos datos personales para fines espec\u00edficos, expl\u00edcitos y leg\u00edtimos, y no procesamos datos incompatibles con esos prop\u00f3sitos.<\/p><p>4.2.- Minimizaci\u00f3n de datos<strong>:\u00a0<\/strong>limitamos la\u00a0 recogida de datos personales a los estrictamente necesarios y relevantes para los fines declarados.<\/p><p>4.3.- Limitaci\u00f3n de la finalidad: No procesamos sus datos personales de manera incompatible con sus finalidades.<\/p><p>4.4.-Precisi\u00f3n: los datos personales deber\u00e1n mantenerse exactos y\u00a0 actualizados.<\/p><p>4.5.-Seguridad de los datos: Aplicamos\u00a0 las medidas t\u00e9cnicas y organizativas para garantizar un nivel de seguridad adecuado en relaci\u00f3n a los riesgos del tratamiento y la naturaleza de los datos. El objetivo de las medidas es prevenir cualquier divulgaci\u00f3n o acceso no autorizado, la destrucci\u00f3n accidental o il\u00edcita o su p\u00e9rdida accidental o alteraci\u00f3n\u00a0 o tratamiento il\u00edcito.<\/p><p>4.6.- Acceso y rectificaci\u00f3n: Usted tiene derecho a conocer los datos tratados y su rectificaci\u00f3n si son incorrectos.<\/p><p>4.7.-Transferencias internacionales: Sus datos personales\u00a0 pueden ser transferidos y mantenidos\u00a0 en computadores localizados fuera de nuestro estado. Vamos a garantizar que todos los datos personales transferidos fuera de la EU\/EEE est\u00e1n adecuadamente protegidos, de acuerdo con los protocolos y est\u00e1ndares de la industria.<\/p><p>4.8.- Terceros: el acceso y transferencia de datos personales a terceros se llevan a cabo de acuerdo con la legislaci\u00f3n RGPD y con las garant\u00edas contractuales adecuadas.<\/p><p>4.9.-Marketing directo y cookies: Nos aseguramos del cumplimiento de la legislaci\u00f3n aplicable en materia de publicidad y cookies.<\/p><h2><strong>5. Tratamiento de sus datos personales \u00bfQu\u00e9 datos recopilamos? Y aspectos jur\u00eddicos.<\/strong><\/h2><p><strong>Categor\u00eda de Datos<\/strong>: Datos de contacto ( nombre, direcci\u00f3n, correo electr\u00f3nico)<\/p><p><strong>Responsable del Fichero<\/strong>: Weider Nutrition, S.L.\u00a0<\/p><p><strong>Finalidad<\/strong>: Gesti\u00f3n de nuestra mutua relaci\u00f3n comercial y comunicaciones. El tratamiento\u00a0 de e sus datos es para fines expl\u00edcitos, leg\u00edtimos, y no tratamos sus datos de forma incompatible con dichos fines.<\/p><p><strong>Legitimaci\u00f3n<\/strong>: Consentimiento,\u00a0 relaciones pre-contractuales,\u00a0 contratos e inter\u00e9s leg\u00edtimo.<\/p><p><strong>Destinatario<\/strong>: No\u00a0 se ceder\u00e1n a terceros, salvo obligaci\u00f3n legal o administrativa o cuando sea necesario para prestar el servicio objeto de nuestra relaci\u00f3n mutua.<\/p><p>Siempre que solicitemos\u00a0 datos personales, le informaremos con claridad que datos recogemos y la finalidad del tratamiento (comunicaciones, boletines electr\u00f3nicos, recordatorios, encuestas, ofertas, invitaciones para eventos).<\/p><p><strong>Los datos de car\u00e1cter personal pueden ser tratados si:<\/strong><\/p><ul><li>Nos ha dado su consentimiento a los efectos de tratamiento. Siempre tendr\u00e1 derecho a retirar su consentimiento en cualquier momento.<\/li><li>Ejecuci\u00f3n de un contrato o actos pre-contractuales.<\/li><li>b\u00fasqueda de un inter\u00e9s leg\u00edtimo que no menoscabe sus derechos fundamentales.<\/li><li>Es requerido por la Ley o la administraci\u00f3n de justicia.<\/li><\/ul><h2><strong>6. Transparencia. Acceso a sus datos personales.<\/strong><\/h2><p><strong>Usted tiene derecho a acceder a los datos personales que tenemos sobre usted.<\/strong><\/p><p>Usted podr\u00e1 ejercitar\u00a0 los derechos de acceso, rectificaci\u00f3n, portabilidad, limitaci\u00f3n de tratamiento, cancelaci\u00f3n y oposici\u00f3n dirigiendo\u00a0 una comunicaci\u00f3n al siguiente correo electr\u00f3nico (info@weider.es) o mediante correo\u00a0remitido a\u00a0\u00a0<strong>Weider Nutrition, S.L.<\/strong><br \/>C\/Electr\u00f3nica,39-41<br \/>28923-Alcorc\u00f3n<br \/>Madrid (Espa\u00f1a)<\/p><p>En todos los casos,\u00a0 la comunicaci\u00f3n deber\u00e1 ir acompa\u00f1ada de un documento\u00a0 acreditativo de su identidad, vigente y v\u00e1lido.<\/p><h2><strong>7. Duraci\u00f3n del tratamiento de datos.<\/strong><\/h2><p>Los datos personales facilitados por usted, se mantendr\u00e1n con arreglo a lo dispuesto a la normativa de protecci\u00f3n de datos de car\u00e1cter personal (RGPD). Los datos personales se conservar\u00e1n durante el tiempo que sea necesario para cumplir con lo dispuesto en la legislaci\u00f3n o para los fines determinados.<\/p><p>Para conocer cu\u00e1nto tiempo es probable que se guarden sus datos, antes de proceder a su eliminado,\u00a0 puede consultar\u00a0 en el punto de contacto.<\/p><h2><strong>8. Seguridad de los datos.<\/strong><\/h2><p>Implantamos un conjunto de medidas de seguridad t\u00e9cnica y organizativa para proteger sus Datos personales contra acceso o uso ilegal o no autorizado, as\u00ed como p\u00e9rdidas o\u00a0 da\u00f1os accidentales. Las medidas han sido dise\u00f1adas seg\u00fan nuestra infraestructura TI, el posible impacto en su privacidad y los costes y\u00a0 est\u00e1ndares y pr\u00e1cticas habituales.<\/p><h2><strong>9. Cookies y servicios similares.<\/strong><\/h2><p>Podemos utilizar\u00a0 cookies\u00a0 que permiten hacer un seguimiento de las tendencias, preferencias y h\u00e1bitos de los usuarios para as\u00ed comprender mejor la base de nuestros usuarios y para mejorar la calidad de nuestro servicio.<\/p><h2><strong>10. Transferencia fuera de la UE\/EEE<\/strong><\/h2><p>Su informaci\u00f3n puede ser transferida y mantenida en equipos localizados fuera de la UE\/EEE. Weider implementar\u00e1 o exigir\u00e1 al encargado del tratamiento, medidas espec\u00edficas apropiadas para garantizar\u00a0 un nivel adecuado de protecci\u00f3n de sus datos personales.<\/p><h2><strong>11. Links a otras webs o comunidades de usuarios.<\/strong><\/h2><p>Nuestro sitio web puede contener links a otros sitios web.\u00a0 Si decides entrar \u00a0al link de una tercera parte, deber\u00e1s aceptar la pol\u00edtica de privacidad y pr\u00e1cticas de esta tercera parte. Nosotros no ejercemos contrato\u00a0 sobre la pol\u00edtica de privacidad de terceros<\/p>\t\t\t\t\t\t<\/div>\n\t\t\t\t<\/div>\n\t\t\t\t\t<\/div>\n\t\t<\/div>\n\t\t\t\t\t<\/div>\n\t\t<\/section>\n\t\t\t\t<\/div>","protected":false},"excerpt":{"rendered":"<p>Pol\u00edtica de Privacidad 1. Pol\u00edtica de Privacidad Weider Nutrition SL, con N\u00famero de Identificaci\u00f3n Fiscal B81523888 (Registro Mercantil de Madrid Tomo 11.273, libro 0, folio 55, secci\u00f3n 8\u00aa, hoja m-177220, [&hellip;]<\/p>","protected":false},"author":24,"featured_media":0,"parent":0,"menu_order":0,"comment_status":"closed","ping_status":"closed","template":"","meta":{"inline_featured_image":false,"footnotes":""},"acf":[],"_links":{"self":[{"href":"https:\/\/weider.syntonize.dev\/it\/wp-json\/wp\/v2\/pages\/51396"}],"collection":[{"href":"https:\/\/weider.syntonize.dev\/it\/wp-json\/wp\/v2\/pages"}],"about":[{"href":"https:\/\/weider.syntonize.dev\/it\/wp-json\/wp\/v2\/types\/page"}],"author":[{"embeddable":true,"href":"https:\/\/weider.syntonize.dev\/it\/wp-json\/wp\/v2\/users\/24"}],"replies":[{"embeddable":true,"href":"https:\/\/weider.syntonize.dev\/it\/wp-json\/wp\/v2\/comments?post=51396"}],"version-history":[{"count":4,"href":"https:\/\/weider.syntonize.dev\/it\/wp-json\/wp\/v2\/pages\/51396\/revisions"}],"predecessor-version":[{"id":51400,"href":"https:\/\/weider.syntonize.dev\/it\/wp-json\/wp\/v2\/pages\/51396\/revisions\/51400"}],"wp:attachment":[{"href":"https:\/\/weider.syntonize.dev\/it\/wp-json\/wp\/v2\/media?parent=51396"}],"curies":[{"name":"wp","href":"https:\/\/api.w.org\/{rel}","templated":true}]}}