{"id":54846,"date":"2024-07-30T13:14:08","date_gmt":"2024-07-30T11:14:08","guid":{"rendered":"https:\/\/weider.syntonize.dev\/product\/beta-alanine\/"},"modified":"2024-07-31T09:19:15","modified_gmt":"2024-07-31T07:19:15","slug":"beta-alanine","status":"publish","type":"product","link":"https:\/\/weider.syntonize.dev\/fr\/produit\/beta-alanine\/","title":{"rendered":"B\u00eata-alanine"},"content":{"rendered":"<p>Complemento alimenticio compuesto por Beta-alanina, amino\u00e1cido no esencial, \u00fanico por la especial posici\u00f3n que ocupa el grupo amino, efectivo como suplemento ergog\u00e9nico, aumentando as\u00ed la potencia muscular y con marcado efecto antioxidante.<br \/>\nC\u00d3MO ACT\u00daA LA BETA-ALANINA:<br \/>\n\u2022 La beta-alanina es un amino\u00e1cido implicado directamente con el aumento de la carnosina, dip\u00e9ptido que se encuentra en la musculatura y cerebro, cuya liberaci\u00f3n en el organismo se traduce en un aumento de la resistencia, una mejora en la contracci\u00f3n muscular y un retraso de la fatiga.<br \/>\n\u2022 Previene la hiper acidez muscular, inhibiendo la producci\u00f3n de \u00e1cido l\u00e1ctico, aumentando as\u00ed la capacidad de rendimiento.<br \/>\n\u2022 Buen regulador del calcio, induce una r\u00e1pida liberaci\u00f3n del calcio, mejorando la contracci\u00f3n muscular, y aumentando el tiempo de entrenamiento.<br \/>\n\u2022 Reduce el estr\u00e9s oxidativo, consiguiendo que<\/p>","protected":false},"excerpt":{"rendered":"<p>Aumenta la resistencia y rendimiento<br \/>\nAcelera la recuperaci\u00f3n<\/p>","protected":false},"featured_media":54881,"template":"","meta":{"inline_featured_image":false},"product_cat":[4777,4776,4781,4782],"product_tag":[],"acf":[],"_links":{"self":[{"href":"https:\/\/weider.syntonize.dev\/fr\/wp-json\/wp\/v2\/product\/54846"}],"collection":[{"href":"https:\/\/weider.syntonize.dev\/fr\/wp-json\/wp\/v2\/product"}],"about":[{"href":"https:\/\/weider.syntonize.dev\/fr\/wp-json\/wp\/v2\/types\/product"}],"wp:featuredmedia":[{"embeddable":true,"href":"https:\/\/weider.syntonize.dev\/fr\/wp-json\/wp\/v2\/media\/54881"}],"wp:attachment":[{"href":"https:\/\/weider.syntonize.dev\/fr\/wp-json\/wp\/v2\/media?parent=54846"}],"wp:term":[{"taxonomy":"product_cat","embeddable":true,"href":"https:\/\/weider.syntonize.dev\/fr\/wp-json\/wp\/v2\/product_cat?post=54846"},{"taxonomy":"product_tag","embeddable":true,"href":"https:\/\/weider.syntonize.dev\/fr\/wp-json\/wp\/v2\/product_tag?post=54846"}],"curies":[{"name":"wp","href":"https:\/\/api.w.org\/{rel}","templated":true}]}}