{"id":54845,"date":"2024-07-30T13:14:08","date_gmt":"2024-07-30T11:14:08","guid":{"rendered":"https:\/\/weider.syntonize.dev\/product\/amino-recovery\/"},"modified":"2024-07-30T13:14:48","modified_gmt":"2024-07-30T11:14:48","slug":"amino-recovery","status":"publish","type":"product","link":"https:\/\/weider.syntonize.dev\/fr\/produit\/amino-recovery\/","title":{"rendered":"R\u00e9cup\u00e9ration d'amines"},"content":{"rendered":"<p>Victory Endurance ha desarrollado AMINO RECOVERY para proteger y acelerar la recuperaci\u00f3n de los tejidos musculares, adem\u00e1s de tener una acci\u00f3n detoxificante. Esta f\u00f3rmula combina: <\/p>\n<p>BCAA\u2019s: Leucina, Isoleucina y Valina, amino\u00e1cidos ramificados con propiedades energ\u00e9ticas y recuperadoras. Antes del entrenamiento, protegen la masa muscular y proporcionan energ\u00eda en deportes de resistencia. Despu\u00e9s del entrenamiento, aceleran la recuperaci\u00f3n muscular al reparar los da\u00f1os causados durante el ejercicio intenso. <\/p>\n<p>L-Arginina: Participa en procesos de detoxificaci\u00f3n al formar parte del ciclo de la urea, esencial para eliminar toxinas generadas durante el ejercicio. Durante el entrenamiento, aumenta la vasodilataci\u00f3n, mejorando el flujo sangu\u00edneo hacia los m\u00fasculos y facilitando el transporte de ox\u00edgeno y nutrientes. Tambi\u00e9n favorece la recuperaci\u00f3n al influir positivamente en el metabolismo de las prote\u00ednas. <\/p>\n<p>L-Glutamina: Esencial para proteger y reparar el tejido muscular, as\u00ed como para recuperar el gluc\u00f3geno muscular. Mejora la funci\u00f3n inmunol\u00f3gica y previene el s\u00edndrome de sobreentrenamiento. <\/p>\n<p>Vitamina B6: Fundamental en la metabolizaci\u00f3n de amino\u00e1cidos y prote\u00ednas. <\/p>\n<p>Esta combinaci\u00f3n de ingredientes ayuda a proteger los m\u00fasculos, acelerar la recuperaci\u00f3n y promover la detoxificaci\u00f3n despu\u00e9s del ejercicio intenso.<\/p>","protected":false},"excerpt":{"rendered":"<p>Protege: BCAA\u00b4s + Glutamina<br \/>\nRecupera: BCAA\u00b4s + Glutamina + L-Arginina<br \/>\nDetoxifica: Gracias a la L-Arginina<\/p>","protected":false},"featured_media":54868,"template":"","meta":{"inline_featured_image":false},"product_cat":[4777,4799,4781,4782],"product_tag":[],"acf":[],"_links":{"self":[{"href":"https:\/\/weider.syntonize.dev\/fr\/wp-json\/wp\/v2\/product\/54845"}],"collection":[{"href":"https:\/\/weider.syntonize.dev\/fr\/wp-json\/wp\/v2\/product"}],"about":[{"href":"https:\/\/weider.syntonize.dev\/fr\/wp-json\/wp\/v2\/types\/product"}],"wp:featuredmedia":[{"embeddable":true,"href":"https:\/\/weider.syntonize.dev\/fr\/wp-json\/wp\/v2\/media\/54868"}],"wp:attachment":[{"href":"https:\/\/weider.syntonize.dev\/fr\/wp-json\/wp\/v2\/media?parent=54845"}],"wp:term":[{"taxonomy":"product_cat","embeddable":true,"href":"https:\/\/weider.syntonize.dev\/fr\/wp-json\/wp\/v2\/product_cat?post=54845"},{"taxonomy":"product_tag","embeddable":true,"href":"https:\/\/weider.syntonize.dev\/fr\/wp-json\/wp\/v2\/product_tag?post=54845"}],"curies":[{"name":"wp","href":"https:\/\/api.w.org\/{rel}","templated":true}]}}