{"id":54758,"date":"2024-07-30T12:20:43","date_gmt":"2024-07-30T10:20:43","guid":{"rendered":"https:\/\/weider.syntonize.dev\/product\/mega-mass-4000\/"},"modified":"2024-07-30T12:25:04","modified_gmt":"2024-07-30T10:25:04","slug":"mega-mass-4000","status":"publish","type":"product","link":"https:\/\/weider.syntonize.dev\/fr\/produit\/mega-mass-4000\/","title":{"rendered":"M\u00e9ga masse 4000"},"content":{"rendered":"<p>Weider, una marca sin\u00f3nimo de salud, eficacia y resultados, ha estado al servicio de los deportistas desde 1936. Adapt\u00e1ndose a los avances cient\u00edficos, Mega Mass 4000 es el producto ideal para aumentar masa y volumen muscular. <\/p>\n<p>Principales caracter\u00edsticas de Mega Mass 4000: <\/p>\n<p>Hidratos de Carbono (69%): Una mezcla exclusiva sin az\u00facares a\u00f1adidos de maltodextrina de ma\u00edz, almid\u00f3n de trigo nativo, harina de avena integral y almid\u00f3n de patata nativa, proporcionando energ\u00eda necesaria para el crecimiento muscular. <\/p>\n<p>Prote\u00ednas de alta calidad: Combinaci\u00f3n de aislado de prote\u00edna de leche (case\u00edna y suero), concentrado de prote\u00edna de suero y prote\u00edna de clara de huevo en polvo, promoviendo una recuperaci\u00f3n r\u00e1pida y duradera, maximizando las ganancias de masa muscular. <\/p>\n<p>Creatina Monohidrato Creapure\u00ae (3,4 g): Incrementa el rendimiento y la fuerza, ayudando a ganar volumen muscular. <\/p>\n<p>Vitaminas y minerales: 8 vitaminas y 3 minerales que optimizan la capacidad del cuerpo para asimilar el entrenamiento. <\/p>\n<p>Mega Mass 4000 proporciona todos los nutrientes esenciales para que te concentres en entrenar al m\u00e1ximo, siendo el aliado perfecto para los atletas que buscan mejorar su rendimiento y desarrollar masa muscular.<\/p>","protected":false},"excerpt":{"rendered":"<p>Nueva F\u00f3rmula<br \/>\n\u2022 Mayor crecimiento muscular<br \/>\n\u2022M\u00e1xima energ\u00eda<\/p>","protected":false},"featured_media":54759,"template":"","meta":{"inline_featured_image":false},"product_cat":[4769,4775,4764,4794,4767],"product_tag":[],"acf":[],"_links":{"self":[{"href":"https:\/\/weider.syntonize.dev\/fr\/wp-json\/wp\/v2\/product\/54758"}],"collection":[{"href":"https:\/\/weider.syntonize.dev\/fr\/wp-json\/wp\/v2\/product"}],"about":[{"href":"https:\/\/weider.syntonize.dev\/fr\/wp-json\/wp\/v2\/types\/product"}],"wp:featuredmedia":[{"embeddable":true,"href":"https:\/\/weider.syntonize.dev\/fr\/wp-json\/wp\/v2\/media\/54759"}],"wp:attachment":[{"href":"https:\/\/weider.syntonize.dev\/fr\/wp-json\/wp\/v2\/media?parent=54758"}],"wp:term":[{"taxonomy":"product_cat","embeddable":true,"href":"https:\/\/weider.syntonize.dev\/fr\/wp-json\/wp\/v2\/product_cat?post=54758"},{"taxonomy":"product_tag","embeddable":true,"href":"https:\/\/weider.syntonize.dev\/fr\/wp-json\/wp\/v2\/product_tag?post=54758"}],"curies":[{"name":"wp","href":"https:\/\/api.w.org\/{rel}","templated":true}]}}