{"id":54741,"date":"2024-07-30T12:12:41","date_gmt":"2024-07-30T10:12:41","guid":{"rendered":"https:\/\/weider.syntonize.dev\/product\/vegan-protein-wafer-bar\/"},"modified":"2024-07-30T12:14:24","modified_gmt":"2024-07-30T10:14:24","slug":"vegan-protein-wafer-bar","status":"publish","type":"product","link":"https:\/\/weider.syntonize.dev\/fr\/produit\/vegan-protein-wafer-bar\/","title":{"rendered":"Barre prot\u00e9in\u00e9e v\u00e9g\u00e9talienne"},"content":{"rendered":"<p>\u00bfTienes hambre y te apetece comer algo dulce, pero no sabes qu\u00e9?<br \/>\n\u00a1Tenemos el producto ideal! Una barrita de barquillo con un 30% de<br \/>\nprote\u00edna, sin aceite de palma, con aromas naturales y una crujiente<br \/>\ncobertura de chocolate negro.<br \/>\nSi deseas incluir en tu alimentaci\u00f3n productos que contienen prote\u00ednas<br \/>\nveganas de calidad\u2026 \u00a1aqu\u00ed tienes la soluci\u00f3n!. La prote\u00edna de guisante<br \/>\ngracias a su excelente composici\u00f3n de aminoacidos es la mejor prote\u00edna<br \/>\nvegetal que puedes utilizar, ofreciendo un valor nutritivo equiparable a<br \/>\nla prote\u00edna de suero. Adem\u00e1s, nuestra barrita tambi\u00e9n tiene prote\u00edna de<br \/>\narroz que combinada con la de legumbre obtenemos una prote\u00edna de<br \/>\nalto valor biol\u00f3gico y f\u00e1cil digesti\u00f3n.<br \/>\nAdem\u00e1s, seguimos apostando por que nuestras barritas lleguen a todos<br \/>\nlos p\u00fablicos, de ah\u00ed al desarrollo de esta nueva \u00a1Vegan Wafer!. Contamos<br \/>\ncon dos deliciosos sabores entre los que destacan chocolate salado y<br \/>\npi\u00f1a-coco.<br \/>\nSi tu objetivo es tonificarte, aumentar masa muscular o incluso perder<br \/>\npeso, esta es la forma ideal para conseguir tu meta. Cualquier momento<br \/>\nes bueno para disfrutar de esta deliciosa barrita, puedes tomarla despu\u00e9s<br \/>\nde un entrenamiento intenso o incluso como un snack entre horas.<br \/>\n\u00a1Pru\u00e9bala, repetir\u00e1s seguro!<\/p>","protected":false},"excerpt":{"rendered":"<p>30% Prote\u00edna de alto valor biol\u00f3gico y f\u00e1cil digesti\u00f3n<br \/>\nVegana<br \/>\nDos sabores: chocolate salado y pi\u00f1a \u2013 coco<\/p>","protected":false},"featured_media":54742,"template":"","meta":{"inline_featured_image":false},"product_cat":[4764,4779,4781,4767],"product_tag":[],"acf":[],"_links":{"self":[{"href":"https:\/\/weider.syntonize.dev\/fr\/wp-json\/wp\/v2\/product\/54741"}],"collection":[{"href":"https:\/\/weider.syntonize.dev\/fr\/wp-json\/wp\/v2\/product"}],"about":[{"href":"https:\/\/weider.syntonize.dev\/fr\/wp-json\/wp\/v2\/types\/product"}],"wp:featuredmedia":[{"embeddable":true,"href":"https:\/\/weider.syntonize.dev\/fr\/wp-json\/wp\/v2\/media\/54742"}],"wp:attachment":[{"href":"https:\/\/weider.syntonize.dev\/fr\/wp-json\/wp\/v2\/media?parent=54741"}],"wp:term":[{"taxonomy":"product_cat","embeddable":true,"href":"https:\/\/weider.syntonize.dev\/fr\/wp-json\/wp\/v2\/product_cat?post=54741"},{"taxonomy":"product_tag","embeddable":true,"href":"https:\/\/weider.syntonize.dev\/fr\/wp-json\/wp\/v2\/product_tag?post=54741"}],"curies":[{"name":"wp","href":"https:\/\/api.w.org\/{rel}","templated":true}]}}