{"id":54713,"date":"2024-07-30T12:10:05","date_gmt":"2024-07-30T10:10:05","guid":{"rendered":"https:\/\/weider.syntonize.dev\/product\/vegan-protein\/"},"modified":"2024-07-30T12:53:46","modified_gmt":"2024-07-30T10:53:46","slug":"vegan-protein","status":"publish","type":"product","link":"https:\/\/weider.syntonize.dev\/fr\/produit\/vegan-protein-2\/","title":{"rendered":"Prot\u00e9ines v\u00e9g\u00e9taliennes"},"content":{"rendered":"<p>Vegan Protein de Weider\u00ae es tu mejor opci\u00f3n si deseas incluir en tu alimentaci\u00f3n una<br \/>\nprote\u00edna vegana de la mayor calidad y delicioso sabor. La prote\u00edna de guisante gracias a<br \/>\nsu excelente composici\u00f3n de amino\u00e1cidos es la mejor prote\u00edna vegetal que puedes utilizar,<br \/>\nofreciendo un valor nutritivo equiparable a la prote\u00edna de suero. La prote\u00edna principal de<br \/>\nVegan Protein es aislado de guisante (Pisane C9) que se ha enriquecido con prote\u00edna de<br \/>\narroz, al combinar la prote\u00edna de una legumbre con la de un cereal obtenemos una prote\u00edna<br \/>\nde alto valor biol\u00f3gico y f\u00e1cil digesti\u00f3n. 100% tolerable. El origen y proceso de obtenci\u00f3n de<br \/>\nlas prote\u00ednas vegetales que componen Vegan Protein de Weider\u00ae se lleva a cabo mediante<br \/>\nprocesos f\u00edsicos y sin utilizar disolventes qu\u00edmicos como el hexano.<br \/>\nDirigido a todas aquellas personas que necesiten un aporte extra de prote\u00ednas y se preocupan<br \/>\npor su salud, como por ejemplo deportistas, personas de la 3\u00aa edad y personas con un elevado<br \/>\ndesgaste f\u00edsico. Vegan Protein es ideal para todos aquellos que desean consumir prote\u00ednas<br \/>\nvegetales limpias, seguras y naturalmente libres de lactosa, gluten y colesterol. Tambi\u00e9n es<br \/>\nperfecta para todas aquellas personas que aunque no sean vegetarianas, quieren reducir su<br \/>\nconsumo de prote\u00ednas animales sin reducir la calidad de las prote\u00ednas de su dieta.<br \/>\nAhora Weider\u00ae ha a\u00f1adido B12, ya que la ingesti\u00f3n muy baja de esta vitamina puede<br \/>\nprovocar anemia y deterioro del sistema nervioso y las \u00fanicas fuentes veganas fiables de<br \/>\nB12 son los suplementos y alimentos enriquecidos con ella.<\/p>","protected":false},"excerpt":{"rendered":"<p>Prote\u00ednas de guisante (Pisane C9) y arroz de alta calidad<br \/>\nCon un plus de extractos vegetales y de cereales org\u00e1nicos<br \/>\nCon B12, sin lactosa, sin gluten, sin colesterol<\/p>","protected":false},"featured_media":54714,"template":"","meta":{"inline_featured_image":false},"product_cat":[4842,4764,4763,4783,4781,4767],"product_tag":[],"acf":[],"_links":{"self":[{"href":"https:\/\/weider.syntonize.dev\/fr\/wp-json\/wp\/v2\/product\/54713"}],"collection":[{"href":"https:\/\/weider.syntonize.dev\/fr\/wp-json\/wp\/v2\/product"}],"about":[{"href":"https:\/\/weider.syntonize.dev\/fr\/wp-json\/wp\/v2\/types\/product"}],"wp:featuredmedia":[{"embeddable":true,"href":"https:\/\/weider.syntonize.dev\/fr\/wp-json\/wp\/v2\/media\/54714"}],"wp:attachment":[{"href":"https:\/\/weider.syntonize.dev\/fr\/wp-json\/wp\/v2\/media?parent=54713"}],"wp:term":[{"taxonomy":"product_cat","embeddable":true,"href":"https:\/\/weider.syntonize.dev\/fr\/wp-json\/wp\/v2\/product_cat?post=54713"},{"taxonomy":"product_tag","embeddable":true,"href":"https:\/\/weider.syntonize.dev\/fr\/wp-json\/wp\/v2\/product_tag?post=54713"}],"curies":[{"name":"wp","href":"https:\/\/api.w.org\/{rel}","templated":true}]}}