{"id":54706,"date":"2024-07-30T12:10:05","date_gmt":"2024-07-30T10:10:05","guid":{"rendered":"https:\/\/weider.syntonize.dev\/product\/protein-bread\/"},"modified":"2024-07-30T12:12:40","modified_gmt":"2024-07-30T10:12:40","slug":"protein-bread","status":"publish","type":"product","link":"https:\/\/weider.syntonize.dev\/fr\/produit\/protein-bread\/","title":{"rendered":"Protein Bread"},"content":{"rendered":"<p>Weider Protein Bread es un delicioso pan listo para comer.<br \/>\nPara ofrecerte un pan rico en prote\u00ednas, bajo en carbohidratos y<br \/>\naz\u00facares utilizamos la \u00faltima tecnolog\u00eda en industria alimentaria,<br \/>\nque adem\u00e1s nos permite prescindir de aceites adicionales o grasas<br \/>\nhidrogenados. \u00a1Por f\u00edn puedes disfrutar del pan sin remordimientos!<br \/>\nSus ingredientes selecionados como las prote\u00ednas de trigo,<br \/>\nguisante y leche; junto con la harina de centeno y su mix de semillas<br \/>\n(lino marr\u00f3n, lino dorado, semillas de girasol y s\u00e9samo), le confieren<br \/>\nuna composici\u00f3n nutricional \u00fanica y muy saludable.<br \/>\nEl contenido de prote\u00ednas de Weider Protein Bread es<br \/>\nequiparable a la carne o el pollo, siendo perfecto para las personas<br \/>\ndeportistas. 100 gramos de Weider Protein Bread aportan solo 7,4<br \/>\ng de carbohidratos, siendo perfecto para dietas de control de peso,<br \/>\ndefinici\u00f3n o aquellas personas que necesitan restringir su consumo<br \/>\nde carbohidratos. Por \u00faltimo, sus grasas son cardiosaludables, ya que<br \/>\nproceden exclusivamente de sus semillas, ricas en grasas mono y<br \/>\npoliinsaturadas. Por todo esto, Weider Protein Bread es perfecto para<br \/>\ncualquier persona y objetivo.<br \/>\nGracias a su c\u00f3modo envase de 5 rebanadas, conserva sus<br \/>\npropiedades intactas y es perfecto para llevar contig<\/p>","protected":false},"excerpt":{"rendered":"<p>Alto contenido en prote\u00ednas (22 %)<br \/>\n130 Kcal por rebanada<br \/>\nNuevo sabor con zanahoria<\/p>","protected":false},"featured_media":54707,"template":"","meta":{"inline_featured_image":false},"product_cat":[4780,4797,4764,4767],"product_tag":[],"acf":[],"_links":{"self":[{"href":"https:\/\/weider.syntonize.dev\/fr\/wp-json\/wp\/v2\/product\/54706"}],"collection":[{"href":"https:\/\/weider.syntonize.dev\/fr\/wp-json\/wp\/v2\/product"}],"about":[{"href":"https:\/\/weider.syntonize.dev\/fr\/wp-json\/wp\/v2\/types\/product"}],"wp:featuredmedia":[{"embeddable":true,"href":"https:\/\/weider.syntonize.dev\/fr\/wp-json\/wp\/v2\/media\/54707"}],"wp:attachment":[{"href":"https:\/\/weider.syntonize.dev\/fr\/wp-json\/wp\/v2\/media?parent=54706"}],"wp:term":[{"taxonomy":"product_cat","embeddable":true,"href":"https:\/\/weider.syntonize.dev\/fr\/wp-json\/wp\/v2\/product_cat?post=54706"},{"taxonomy":"product_tag","embeddable":true,"href":"https:\/\/weider.syntonize.dev\/fr\/wp-json\/wp\/v2\/product_tag?post=54706"}],"curies":[{"name":"wp","href":"https:\/\/api.w.org\/{rel}","templated":true}]}}