{"id":54686,"date":"2024-07-30T12:10:05","date_gmt":"2024-07-30T10:10:05","guid":{"rendered":"https:\/\/weider.syntonize.dev\/product\/prot-butter\/"},"modified":"2024-07-30T12:12:40","modified_gmt":"2024-07-30T10:12:40","slug":"prot-butter","status":"publish","type":"product","link":"https:\/\/weider.syntonize.dev\/fr\/produit\/prot-butter\/","title":{"rendered":"Prot Butter"},"content":{"rendered":"<p>Peanut Butter Smooth es la crema de cacahuete de Weider, elaborada<br \/>\nde forma cl\u00e1sica solo con cacahuetes tostados de m\u00e1xima calidad y un<br \/>\nirresistible sabor original.<br \/>\nSus caracter\u00edsticas hacen de esta crema, un alimento muy apetecible y<br \/>\ncon un perfil nutricional excelente:<br \/>\n\u2022 Textura suave: muy cremosa y agradable al paladar.<br \/>\n\u2022 28% de prote\u00edna: procedente de una combinaci\u00f3n natural del cacahuet.<br \/>\nLas prote\u00ednas contribuyen a mantener y aumentar la masa muscular.<br \/>\n\u2022 Sin aceite de palma: tambi\u00e9n nos aseguramos que nuestras cremas<br \/>\nest\u00e9n totalmente libres de aceite de palma, preocup\u00e1ndonos siempre<br \/>\npor tu salud, y adem\u00e1s comprometi\u00e9ndonos con el medio ambiente y<br \/>\nproblemas como la deforestaci\u00f3n.<br \/>\n\u2022 Grasas saludables: La crema de cacahuete aporta grasas mono y<br \/>\npoliinsaturas, tambi\u00e9n conocidas como \u201cgrasas saludables o buenas\u201d. Por<br \/>\ndescontado, no tienes por qu\u00e9 preocuparte de las grasas \u201ctrans\u201d.<br \/>\n\u2022 Baja en az\u00facares y sin az\u00facares a\u00f1adidos: solo aporta az\u00facares<br \/>\nnaturalmente presentes y menos de un gramo de az\u00facar por porci\u00f3n.<br \/>\n\u2022 Sin conservantes.<br \/>\n\u2022 Apta para veganos.<br \/>\n\u2022 Sin sal a\u00f1adida.<br \/>\nPuedes combinarla con nuestras deliciosas Protein Pancake o en una<br \/>\nsimple tostada con nuestro pan proteico (protein Bread).<br \/>\nTanto si llevas un estilo de vida \u201cfit\u201d como si lo que te gusta es cuidarte sin<br \/>\nrenunciar a caprichos saludables\u2026 La crema Peanut Butter es perfecta<br \/>\npara incluir en desayunos, meriendas, postres o preparar todo tipo de<br \/>\nrecetas que puedas imaginar.<br \/>\n\u00bfTodav\u00eda necesitas m\u00e1s razones para probarla?<\/p>","protected":false},"excerpt":{"rendered":"<p>\u2022 100 % natural<br \/>\n\u2022 26 % de Prote\u00edna<br \/>\n\u2022 Apta para veganos<\/p>","protected":false},"featured_media":54687,"template":"","meta":{"inline_featured_image":false},"product_cat":[4797,4764,4781,4767],"product_tag":[],"acf":[],"_links":{"self":[{"href":"https:\/\/weider.syntonize.dev\/fr\/wp-json\/wp\/v2\/product\/54686"}],"collection":[{"href":"https:\/\/weider.syntonize.dev\/fr\/wp-json\/wp\/v2\/product"}],"about":[{"href":"https:\/\/weider.syntonize.dev\/fr\/wp-json\/wp\/v2\/types\/product"}],"wp:featuredmedia":[{"embeddable":true,"href":"https:\/\/weider.syntonize.dev\/fr\/wp-json\/wp\/v2\/media\/54687"}],"wp:attachment":[{"href":"https:\/\/weider.syntonize.dev\/fr\/wp-json\/wp\/v2\/media?parent=54686"}],"wp:term":[{"taxonomy":"product_cat","embeddable":true,"href":"https:\/\/weider.syntonize.dev\/fr\/wp-json\/wp\/v2\/product_cat?post=54686"},{"taxonomy":"product_tag","embeddable":true,"href":"https:\/\/weider.syntonize.dev\/fr\/wp-json\/wp\/v2\/product_tag?post=54686"}],"curies":[{"name":"wp","href":"https:\/\/api.w.org\/{rel}","templated":true}]}}