{"id":54660,"date":"2024-07-30T12:07:10","date_gmt":"2024-07-30T10:07:10","guid":{"rendered":"https:\/\/weider.syntonize.dev\/product\/weider-prime\/"},"modified":"2024-07-30T12:07:11","modified_gmt":"2024-07-30T10:07:11","slug":"weider-prime","status":"publish","type":"product","link":"https:\/\/weider.syntonize.dev\/fr\/produit\/weider-prime\/","title":{"rendered":"Weider Prime"},"content":{"rendered":"<p>Weider Prime es la f\u00f3rmula pro-hormonal m\u00e1s vendida de Weider en los Estados Unidos. Debido a su \u00e9xito en los Estados Unidos, Weider Prime ha llegado ahora a Europa para marcar la diferencia en potenciadores de testosterona 100% naturales. Promueve la producci\u00f3n natural de testosterona \u2022 KSM-66\u2122 (Ashwagandha): un extracto patentado y cl\u00ednicamente probado de gran pureza y gran poder. KSM-66 mejora la resistencia al estr\u00e9s y aumenta la sensaci\u00f3n de bienestar. Los estudios han demostrado c\u00f3mo el KSM-66 mejora la resistencia y el consumo m\u00e1ximo de ox\u00edgeno. \u2022 Cordyceps: un ingrediente que aumenta la resistencia natural del cuerpo al estr\u00e9s ambiental (un adapt\u00f3geno). Este componente herbal se ha utilizado en China desde hace siglos para aumentar la vitalidad y la resistencia f\u00edsica. \u2022 Vitamina D: los niveles de esta vitamina est\u00e1n directamente relacionados con los niveles de testosterona. La vitamina que interviene en el buen funcionamiento de los m\u00fasculos. \u2022 Vitamina B6 y B12: vitaminas que intervienen en el metabolismo energ\u00e9tico. \u2022 Zinc: mineral clave para la producci\u00f3n de testosterona. \u2022 Cromo: implicado en el correcto funcionamiento de la insulina y en la regulaci\u00f3n de niveles de glucosa. \u2022 Colina: ayuda a la correcta metabolizaci\u00f3n de las grasas. \u2022 Bioperine: una forma patentada de piperina que mejora la absorci\u00f3n y la biodisponibilidad de los ingredientes de Weider Prime. La testosterona es una hormona clave responsable de los caracteres sexuales masculinos y del desarrollo y mantenimiento de la masa muscular. Tambi\u00e9n afecta a la energ\u00eda, la libido y el estado de \u00e1nimo. Los niveles de testosterona disminuyen debido a factores externos como la dieta, el estr\u00e9s, la falta de sue\u00f1o y tambi\u00e9n disminuyen con la edad (aproximadamente un 1% al a\u00f1o despu\u00e9s de la mediana edad). Los niveles bajos de testosterona pueden causar niveles bajos de energ\u00eda y un aumento de peso y grasa corporal. Los niveles bajos de testosterona tambi\u00e9n provocan menos masa muscular, menos fuerza e incluso menor capacidad de concentraci\u00f3n. La f\u00f3rmula de Weider Prime y su combinaci\u00f3n de ingredientes activos fueron espec\u00edficamente dise\u00f1ados para reducir los efectos del estr\u00e9s y los factores externos en la producci\u00f3n natural de testosterona, y para proporcionar los nutrientes esenciales para la producci\u00f3n de esta hormona: \u2022 Aumenta la energ\u00eda y la vitalidad. \u2022 Reducir la grasa corporal y aumentar la masa muscular. \u2022 Mejorar el rendimiento f\u00edsico y la concentraci\u00f3n mental<\/p>","protected":false},"excerpt":{"rendered":"<p>Promueve la producci\u00f3n natural de testosterona Ingredientes de calidad Con extracto de Ashwagandha en polvo y Cordyceps<\/p>","protected":false},"featured_media":53574,"template":"","meta":{"inline_featured_image":false},"product_cat":[4769,4796,4793,4767],"product_tag":[],"acf":[],"_links":{"self":[{"href":"https:\/\/weider.syntonize.dev\/fr\/wp-json\/wp\/v2\/product\/54660"}],"collection":[{"href":"https:\/\/weider.syntonize.dev\/fr\/wp-json\/wp\/v2\/product"}],"about":[{"href":"https:\/\/weider.syntonize.dev\/fr\/wp-json\/wp\/v2\/types\/product"}],"wp:featuredmedia":[{"embeddable":true,"href":"https:\/\/weider.syntonize.dev\/fr\/wp-json\/wp\/v2\/media\/53574"}],"wp:attachment":[{"href":"https:\/\/weider.syntonize.dev\/fr\/wp-json\/wp\/v2\/media?parent=54660"}],"wp:term":[{"taxonomy":"product_cat","embeddable":true,"href":"https:\/\/weider.syntonize.dev\/fr\/wp-json\/wp\/v2\/product_cat?post=54660"},{"taxonomy":"product_tag","embeddable":true,"href":"https:\/\/weider.syntonize.dev\/fr\/wp-json\/wp\/v2\/product_tag?post=54660"}],"curies":[{"name":"wp","href":"https:\/\/api.w.org\/{rel}","templated":true}]}}