{"id":54523,"date":"2024-07-30T10:22:56","date_gmt":"2024-07-30T08:22:56","guid":{"rendered":"https:\/\/weider.syntonize.dev\/product\/apple-cider-costco\/"},"modified":"2024-07-30T10:31:20","modified_gmt":"2024-07-30T08:31:20","slug":"apple-cider-costco","status":"publish","type":"product","link":"https:\/\/weider.syntonize.dev\/fr\/produit\/apple-cider-costco\/","title":{"rendered":"APPLE CIDER COSTCO"},"content":{"rendered":"<p>De Vinagre de Sidra de Manzana con madre<br \/>\nKeto Friendly (con MCTs del Aceite de Coco)<br \/>\nLibre de Al\u00e9rgenos<\/p>\n<p>Beneficios de APPLE CIDER:<\/p>\n<p>Vinagre de Sidra de Manzana: Mejora la sensibilidad a la insulina, ayudando a controlar la glucemia y potencialmente reducir la grasa abdominal. Tambi\u00e9n tiene efectos antis\u00e9pticos intestinales que pueden mejorar la salud de la microbiota.<\/p>\n<p>Aceite de Coco (95% en MCTs): Mejora el metabolismo, proporciona energ\u00eda r\u00e1pida, promueve la saciedad y tiene propiedades antis\u00e9pticas y antibacterianas, beneficiando la flora intestinal en colaboraci\u00f3n con el vinagre de sidra.<\/p>\n<p>Vitaminas B6, B9 (\u00e1cido f\u00f3lico) y B12: Contribuyen al metabolismo energ\u00e9tico normal, reducen el cansancio y la fatiga, y apoyan el funcionamiento del sistema inmunitario, especialmente \u00fatiles durante dietas para la p\u00e9rdida de peso.<\/p>\n<p>Yodo: Esencial para la funci\u00f3n cerebral y colabora con los MCTs para activar el metabolismo.<\/p>\n<p>Zumo de Granada y Remolacha: Aportan numerosas sustancias bioactivas y antioxidantes, complementando la f\u00f3rmula con beneficios adicionales para la salud.<br \/>\nAPPLE CIDER no solo es una fuente conveniente de vinagre de sidra de manzana, sino que tambi\u00e9n combina otros ingredientes activos que trabajan sin\u00e9rgicamente para proporcionar m\u00faltiples beneficios para la salud, desde la mejora metab\u00f3lica hasta el apoyo inmunol\u00f3gico y la salud intestinal.<\/p>","protected":false},"excerpt":{"rendered":"<p>De Vinagre de Sidra de Manzana con madre<br \/>\nKeto Friendly (con MCTs del Aceite de Coco)<br \/>\nLibre de Al\u00e9rgenos<\/p>","protected":false},"featured_media":0,"template":"","meta":{"inline_featured_image":false},"product_cat":[4792,4793,4763,4783,4767],"product_tag":[],"acf":[],"_links":{"self":[{"href":"https:\/\/weider.syntonize.dev\/fr\/wp-json\/wp\/v2\/product\/54523"}],"collection":[{"href":"https:\/\/weider.syntonize.dev\/fr\/wp-json\/wp\/v2\/product"}],"about":[{"href":"https:\/\/weider.syntonize.dev\/fr\/wp-json\/wp\/v2\/types\/product"}],"wp:attachment":[{"href":"https:\/\/weider.syntonize.dev\/fr\/wp-json\/wp\/v2\/media?parent=54523"}],"wp:term":[{"taxonomy":"product_cat","embeddable":true,"href":"https:\/\/weider.syntonize.dev\/fr\/wp-json\/wp\/v2\/product_cat?post=54523"},{"taxonomy":"product_tag","embeddable":true,"href":"https:\/\/weider.syntonize.dev\/fr\/wp-json\/wp\/v2\/product_tag?post=54523"}],"curies":[{"name":"wp","href":"https:\/\/api.w.org\/{rel}","templated":true}]}}