{"id":54509,"date":"2024-07-30T10:56:48","date_gmt":"2024-07-30T08:56:48","guid":{"rendered":"https:\/\/weider.syntonize.dev\/product\/cranberry\/"},"modified":"2024-07-30T11:18:29","modified_gmt":"2024-07-30T09:18:29","slug":"cranberry","status":"publish","type":"product","link":"https:\/\/weider.syntonize.dev\/fr\/produit\/cranberry\/","title":{"rendered":"Cranberry"},"content":{"rendered":"<p>Extracto de ar\u00e1ndanos (Pacran\u00ae)<br \/>\nLibre de al\u00e9rgenos<br \/>\nSans sucre<\/p>\n<p>Nuestro producto Cranberry de Weider ofrece una soluci\u00f3n efectiva para la prevenci\u00f3n y reducci\u00f3n de las infecciones del tracto urinario (ITU) con solo 2 caramelos de goma al d\u00eda. Est\u00e1 formulado con Pacran\u00ae, un extracto de ar\u00e1ndano de alta calidad proveniente de Norteam\u00e9rica, conocido por su potente contenido de proantocianidinas, que tienen propiedades antiinflamatorias y antioxidantes.<\/p>\n<p>Adem\u00e1s, incluye D-Manosa, una sustancia natural que complementa el extracto de ar\u00e1ndano al potenciar su acci\u00f3n antioxidante. La D-Manosa ayuda a prevenir la adherencia de bacterias pat\u00f3genas como E.coli al tracto urinario, reduciendo as\u00ed la probabilidad de infecciones.<\/p>\n<p>Cranberry de Weider es bajo en calor\u00edas, bajo en grasas y no contiene az\u00facares a\u00f1adidos, lo que lo convierte en una opci\u00f3n saludable para mantener el bienestar del sistema urinario.<\/p>","protected":false},"excerpt":{"rendered":"<p>Extracto de ar\u00e1ndanos (Pacran\u00ae)<br \/>\nLibre de al\u00e9rgenos<br \/>\nSans sucre<\/p>","protected":false},"featured_media":54608,"template":"","meta":{"inline_featured_image":false},"product_cat":[4792,4793,4763,4783,4767],"product_tag":[],"acf":[],"_links":{"self":[{"href":"https:\/\/weider.syntonize.dev\/fr\/wp-json\/wp\/v2\/product\/54509"}],"collection":[{"href":"https:\/\/weider.syntonize.dev\/fr\/wp-json\/wp\/v2\/product"}],"about":[{"href":"https:\/\/weider.syntonize.dev\/fr\/wp-json\/wp\/v2\/types\/product"}],"wp:featuredmedia":[{"embeddable":true,"href":"https:\/\/weider.syntonize.dev\/fr\/wp-json\/wp\/v2\/media\/54608"}],"wp:attachment":[{"href":"https:\/\/weider.syntonize.dev\/fr\/wp-json\/wp\/v2\/media?parent=54509"}],"wp:term":[{"taxonomy":"product_cat","embeddable":true,"href":"https:\/\/weider.syntonize.dev\/fr\/wp-json\/wp\/v2\/product_cat?post=54509"},{"taxonomy":"product_tag","embeddable":true,"href":"https:\/\/weider.syntonize.dev\/fr\/wp-json\/wp\/v2\/product_tag?post=54509"}],"curies":[{"name":"wp","href":"https:\/\/api.w.org\/{rel}","templated":true}]}}