{"id":54488,"date":"2024-07-30T10:56:48","date_gmt":"2024-07-30T08:56:48","guid":{"rendered":"https:\/\/weider.syntonize.dev\/product\/vitamin-d\/"},"modified":"2024-07-30T11:02:43","modified_gmt":"2024-07-30T09:02:43","slug":"vitamin-d","status":"publish","type":"product","link":"https:\/\/weider.syntonize.dev\/fr\/produit\/vitamin-d\/","title":{"rendered":"Vitamin D"},"content":{"rendered":"<p>Alta concentraci\u00f3n de vitamina D3<br \/>\nSolo 1 gominola al d\u00eda<br \/>\nSin az\u00facar y libre de gluten<\/p>\n<p>Vitamin D gummies! ofrece una forma deliciosa y conveniente de asegurar tu dosis diaria de vitamina D, esencial para diversas funciones del cuerpo humano. Aunque su papel m\u00e1s conocido es en la absorci\u00f3n de calcio y la salud \u00f3sea, la vitamina D tambi\u00e9n es crucial para la funci\u00f3n muscular, inmunol\u00f3gica, hormonal y el mantenimiento de la piel.<\/p>\n<p>Beneficios de Vitamin D gummies:<\/p>\n<p>Salud \u00f3sea y dental: Crucial para la absorci\u00f3n de calcio.<br \/>\nFunci\u00f3n muscular: Apoya el funcionamiento adecuado de los m\u00fasculos.<br \/>\nFunci\u00f3n inmune: Mejora la respuesta del sistema inmunitario.<br \/>\nRegulaci\u00f3n hormonal: Importante para el equilibrio hormonal.<br \/>\nMantenimiento de la piel: Contribuye a la salud de la piel.<\/p>\n<p>Deficiencia de vitamina D:<br \/>\nA pesar de estar presente en alimentos como pescados azules y setas, la deficiencia es com\u00fan en pa\u00edses con poca luz solar y en personas que restringen las grasas de su dieta.<br \/>\nCaracter\u00edsticas de Vitamin D gummies!:<\/p>\n<p>Mantener niveles adecuados de vitamina D es crucial para mejorar el sistema inmunol\u00f3gico y reducir el riesgo de enfermedades asociadas. Con Vitamin D gummies!, cuidar tu salud nunca ha sido tan placentero y sencillo.<\/p>","protected":false},"excerpt":{"rendered":"<p>Alta concentraci\u00f3n de vitamina D3<br \/>\nSolo 1 gominola al d\u00eda<br \/>\nSin az\u00facar y libre de gluten<\/p>","protected":false},"featured_media":54591,"template":"","meta":{"inline_featured_image":false},"product_cat":[4792,4793,4763,4783,4791,4767],"product_tag":[],"acf":[],"_links":{"self":[{"href":"https:\/\/weider.syntonize.dev\/fr\/wp-json\/wp\/v2\/product\/54488"}],"collection":[{"href":"https:\/\/weider.syntonize.dev\/fr\/wp-json\/wp\/v2\/product"}],"about":[{"href":"https:\/\/weider.syntonize.dev\/fr\/wp-json\/wp\/v2\/types\/product"}],"wp:featuredmedia":[{"embeddable":true,"href":"https:\/\/weider.syntonize.dev\/fr\/wp-json\/wp\/v2\/media\/54591"}],"wp:attachment":[{"href":"https:\/\/weider.syntonize.dev\/fr\/wp-json\/wp\/v2\/media?parent=54488"}],"wp:term":[{"taxonomy":"product_cat","embeddable":true,"href":"https:\/\/weider.syntonize.dev\/fr\/wp-json\/wp\/v2\/product_cat?post=54488"},{"taxonomy":"product_tag","embeddable":true,"href":"https:\/\/weider.syntonize.dev\/fr\/wp-json\/wp\/v2\/product_tag?post=54488"}],"curies":[{"name":"wp","href":"https:\/\/api.w.org\/{rel}","templated":true}]}}