{"id":54478,"date":"2024-07-30T10:56:48","date_gmt":"2024-07-30T08:56:48","guid":{"rendered":"https:\/\/weider.syntonize.dev\/product\/omega\/"},"modified":"2024-07-30T11:01:39","modified_gmt":"2024-07-30T09:01:39","slug":"omega","status":"publish","type":"product","link":"https:\/\/weider.syntonize.dev\/fr\/produit\/omega\/","title":{"rendered":"Om\u00e9ga"},"content":{"rendered":"<p>COMBINACI\u00d3N DE \u00c1CIDOS<br \/>\nGRASOS OMEGA 3-6-9<br \/>\nPRODUCTO 100% VEGETAL,<br \/>\nCON SEMILLAS DE CHIA Y LINO<br \/>\nSIN GLUTEN<\/p>\n<p>Omega Gummies hace que consumir \u00e1cidos grasos omega 3-6-9 sea f\u00e1cil y delicioso. Los \u00e1cidos grasos esenciales omega 3 y 6 son vitales para muchos procesos corporales, ya que el cuerpo no puede sintetizarlos y deben ser obtenidos de la dieta.<\/p>\n<p>Beneficios de Omega Gummies:<br \/>\nOmega 3: Poliinsaturados, cruciales para el coraz\u00f3n y el cerebro, y precursores de compuestos antiinflamatorios.<br \/>\nOmega 6: Importantes para el desarrollo del cerebro, cuidado del coraz\u00f3n y la piel.<br \/>\nOmega 9: Aunque no son esenciales, ayudan a reducir el colesterol y cuidar el coraz\u00f3n.<\/p>\n<p>Modo de empleo:<br \/>\nDosis recomendada: Tomar 2 caramelos de goma al d\u00eda.<\/p>","protected":false},"excerpt":{"rendered":"<p>COMBINACI\u00d3N DE \u00c1CIDOS<br \/>\nGRASOS OMEGA 3-6-9<br \/>\nPRODUCTO 100% VEGETAL,<br \/>\nCON SEMILLAS DE CHIA Y LINO<br \/>\nSIN GLUTEN<\/p>","protected":false},"featured_media":54583,"template":"","meta":{"inline_featured_image":false},"product_cat":[4792,4793,4783,4781,4767],"product_tag":[],"acf":[],"_links":{"self":[{"href":"https:\/\/weider.syntonize.dev\/fr\/wp-json\/wp\/v2\/product\/54478"}],"collection":[{"href":"https:\/\/weider.syntonize.dev\/fr\/wp-json\/wp\/v2\/product"}],"about":[{"href":"https:\/\/weider.syntonize.dev\/fr\/wp-json\/wp\/v2\/types\/product"}],"wp:featuredmedia":[{"embeddable":true,"href":"https:\/\/weider.syntonize.dev\/fr\/wp-json\/wp\/v2\/media\/54583"}],"wp:attachment":[{"href":"https:\/\/weider.syntonize.dev\/fr\/wp-json\/wp\/v2\/media?parent=54478"}],"wp:term":[{"taxonomy":"product_cat","embeddable":true,"href":"https:\/\/weider.syntonize.dev\/fr\/wp-json\/wp\/v2\/product_cat?post=54478"},{"taxonomy":"product_tag","embeddable":true,"href":"https:\/\/weider.syntonize.dev\/fr\/wp-json\/wp\/v2\/product_tag?post=54478"}],"curies":[{"name":"wp","href":"https:\/\/api.w.org\/{rel}","templated":true}]}}