{"id":54465,"date":"2024-07-30T10:56:48","date_gmt":"2024-07-30T08:56:48","guid":{"rendered":"https:\/\/weider.syntonize.dev\/product\/melatonina\/"},"modified":"2024-07-30T12:55:01","modified_gmt":"2024-07-30T10:55:01","slug":"melatonina","status":"publish","type":"product","link":"https:\/\/weider.syntonize.dev\/fr\/produit\/melatonina\/","title":{"rendered":"Melatonina"},"content":{"rendered":"<p>Dulces sue\u00f1os<\/p>\n<p>1 MG DE MELATONINA<br \/>\nPOR CARAMELO<br \/>\nSOLO UN CARAMELO AL D\u00cdA<br \/>\nMEJORA LOS EFECTOS<br \/>\nDEL JET-LAG<\/p>\n<p>El sue\u00f1o es vital para la salud, y la melatonina, producida naturalmente por el cerebro, regula los ciclos de sue\u00f1o. Factores como la edad, trabajo por turnos, uso de antiinflamatorios, y exposici\u00f3n a luz y ondas electromagn\u00e9ticas pueden disminuir su producci\u00f3n, afectando la calidad del sue\u00f1o.<\/p>\n<p>Dosis efectiva: 1 mg de melatonina de alta calidad.<br \/>\nMejora del sue\u00f1o: Reduce el tiempo para conciliar el sue\u00f1o y regula los ciclos del sue\u00f1o.<br \/>\nAlivio del jet-lag: Ajusta el ciclo del sue\u00f1o tras viajes largos.<br \/>\nSue\u00f1o reparador: Disminuye despertares nocturnos.<br \/>\nAntioxidante: Combate el envejecimiento y fortalece las defensas.<\/p>\n<p>Date un capricho mientras te cuidas con Melatonina, la forma m\u00e1s deliciosa de tomar tu<br \/>\ndosis de melatonina gracias a su delicioso sabor 100% sin az\u00facar.<\/p>\n<p>MODO DE EMPLEO: tomar un caramelo de goma antes de acostarse.<\/p>","protected":false},"excerpt":{"rendered":"<p>Dulces sue\u00f1os<\/p>\n<p>1 MG DE MELATONINA<br \/>\nPOR CARAMELO<br \/>\nSOLO UN CARAMELO AL D\u00cdA<br \/>\nMEJORA LOS EFECTOS<br \/>\nDEL JET-LAG<\/p>","protected":false},"featured_media":54566,"template":"","meta":{"inline_featured_image":false},"product_cat":[4842,4792,4800,4763,4783,4767],"product_tag":[],"acf":[],"_links":{"self":[{"href":"https:\/\/weider.syntonize.dev\/fr\/wp-json\/wp\/v2\/product\/54465"}],"collection":[{"href":"https:\/\/weider.syntonize.dev\/fr\/wp-json\/wp\/v2\/product"}],"about":[{"href":"https:\/\/weider.syntonize.dev\/fr\/wp-json\/wp\/v2\/types\/product"}],"wp:featuredmedia":[{"embeddable":true,"href":"https:\/\/weider.syntonize.dev\/fr\/wp-json\/wp\/v2\/media\/54566"}],"wp:attachment":[{"href":"https:\/\/weider.syntonize.dev\/fr\/wp-json\/wp\/v2\/media?parent=54465"}],"wp:term":[{"taxonomy":"product_cat","embeddable":true,"href":"https:\/\/weider.syntonize.dev\/fr\/wp-json\/wp\/v2\/product_cat?post=54465"},{"taxonomy":"product_tag","embeddable":true,"href":"https:\/\/weider.syntonize.dev\/fr\/wp-json\/wp\/v2\/product_tag?post=54465"}],"curies":[{"name":"wp","href":"https:\/\/api.w.org\/{rel}","templated":true}]}}