{"id":54446,"date":"2024-07-30T10:56:48","date_gmt":"2024-07-30T08:56:48","guid":{"rendered":"https:\/\/weider.syntonize.dev\/product\/energy-gummie\/"},"modified":"2024-07-30T11:18:47","modified_gmt":"2024-07-30T09:18:47","slug":"energy-gummie","status":"publish","type":"product","link":"https:\/\/weider.syntonize.dev\/fr\/produit\/energy-gummie\/","title":{"rendered":"Energy Gummie"},"content":{"rendered":"<p>ENERGY CAFFEINE GUMMIES<br \/>\nGuaran\u00e1 y Taurina<br \/>\nSans sucre<br \/>\nLibre de al\u00e9rgenos<\/p>\n<p>La cafe\u00edna es una sustancia presente en plantas como el caf\u00e9, t\u00e9 y guaran\u00e1, conocida por reducir el cansancio f\u00edsico y mental, mejorando la concentraci\u00f3n y proporcionando rapidez y claridad mental. Nuestra gominola Energy es una forma f\u00e1cil y deliciosa de consumir cafe\u00edna, con 61 mg por porci\u00f3n, equivalente a un caf\u00e9 y medio.<\/p>\n<p>Beneficios y caracter\u00edsticas de Energy Gummies:<br \/>\nCafe\u00edna: 61 mg por porci\u00f3n, proporciona un est\u00edmulo equivalente a un caf\u00e9 y medio.<br \/>\nTaurina y Extracto de Guaran\u00e1: Potencian el efecto estimulante de la cafe\u00edna.<br \/>\nMix de Vitaminas: Incluye Vitamina C, B5, B6 y B12, que act\u00faan sin\u00e9rgicamente con el guaran\u00e1 para aumentar la atenci\u00f3n y reducir la fatiga.<br \/>\nBajo en calor\u00edas: Solo 38 calor\u00edas por porci\u00f3n, sin grasa.<br \/>\nSin az\u00facar y libre de al\u00e9rgenos: Apto para diversas necesidades diet\u00e9ticas.<br \/>\nF\u00e1cil digesti\u00f3n: Producto de r\u00e1pida asimilaci\u00f3n.<\/p>\n<p>Modo de empleo:<br \/>\nTomar 8 caramelos de goma en cualquier momento del d\u00eda para obtener energ\u00eda extra.<\/p>","protected":false},"excerpt":{"rendered":"<p>ENERGY CAFFEINE GUMMIES<br \/>\nGuaran\u00e1 y Taurina<br \/>\nSans sucre<br \/>\nLibre de al\u00e9rgenos<\/p>","protected":false},"featured_media":54553,"template":"","meta":{"inline_featured_image":false},"product_cat":[4792,4776,4763,4783,4767],"product_tag":[],"acf":[],"_links":{"self":[{"href":"https:\/\/weider.syntonize.dev\/fr\/wp-json\/wp\/v2\/product\/54446"}],"collection":[{"href":"https:\/\/weider.syntonize.dev\/fr\/wp-json\/wp\/v2\/product"}],"about":[{"href":"https:\/\/weider.syntonize.dev\/fr\/wp-json\/wp\/v2\/types\/product"}],"wp:featuredmedia":[{"embeddable":true,"href":"https:\/\/weider.syntonize.dev\/fr\/wp-json\/wp\/v2\/media\/54553"}],"wp:attachment":[{"href":"https:\/\/weider.syntonize.dev\/fr\/wp-json\/wp\/v2\/media?parent=54446"}],"wp:term":[{"taxonomy":"product_cat","embeddable":true,"href":"https:\/\/weider.syntonize.dev\/fr\/wp-json\/wp\/v2\/product_cat?post=54446"},{"taxonomy":"product_tag","embeddable":true,"href":"https:\/\/weider.syntonize.dev\/fr\/wp-json\/wp\/v2\/product_tag?post=54446"}],"curies":[{"name":"wp","href":"https:\/\/api.w.org\/{rel}","templated":true}]}}