{"id":54408,"date":"2024-07-30T10:18:58","date_gmt":"2024-07-30T08:18:58","guid":{"rendered":"https:\/\/weider.syntonize.dev\/product\/gourmet-rice-flour-harina-de-arroz-chocolate\/"},"modified":"2024-07-30T10:19:08","modified_gmt":"2024-07-30T08:19:08","slug":"gourmet-rice-flour-harina-de-arroz-chocolate","status":"publish","type":"product","link":"https:\/\/weider.syntonize.dev\/fr\/produit\/gourmet-rice-flour-harina-de-arroz-chocolate\/","title":{"rendered":"Gourmet Rice Flour (Harina de Arroz) Chocolate"},"content":{"rendered":"<p>El arroz es un alimento b\u00e1sico consumido mundialmente por su alto contenido en carbohidratos y prote\u00ednas, ofreciendo energ\u00eda y favoreciendo la saciedad gracias a su fibra.  <\/p>\n<p>Gourmet Rice Flour transforma el arroz en un producto nutritivo con un delicioso sabor a chocolate, libre de az\u00facares y grasas, y apto para veganos. Esta harina, rica en cacao y edulcorada con estevia, es una opci\u00f3n deliciosa y saludable, f\u00e1cil de preparar en diversas recetas como desayunos, reposter\u00eda y batidos.<\/p>","protected":false},"excerpt":{"rendered":"<p>&#8211; Sin az\u00facares ni grasas<br \/>\n&#8211; Fuente de fibra<br \/>\n&#8211; Vegana<\/p>","protected":false},"featured_media":53546,"template":"","meta":{"inline_featured_image":false},"product_cat":[4797,4763,4781,4767],"product_tag":[],"acf":[],"_links":{"self":[{"href":"https:\/\/weider.syntonize.dev\/fr\/wp-json\/wp\/v2\/product\/54408"}],"collection":[{"href":"https:\/\/weider.syntonize.dev\/fr\/wp-json\/wp\/v2\/product"}],"about":[{"href":"https:\/\/weider.syntonize.dev\/fr\/wp-json\/wp\/v2\/types\/product"}],"wp:featuredmedia":[{"embeddable":true,"href":"https:\/\/weider.syntonize.dev\/fr\/wp-json\/wp\/v2\/media\/53546"}],"wp:attachment":[{"href":"https:\/\/weider.syntonize.dev\/fr\/wp-json\/wp\/v2\/media?parent=54408"}],"wp:term":[{"taxonomy":"product_cat","embeddable":true,"href":"https:\/\/weider.syntonize.dev\/fr\/wp-json\/wp\/v2\/product_cat?post=54408"},{"taxonomy":"product_tag","embeddable":true,"href":"https:\/\/weider.syntonize.dev\/fr\/wp-json\/wp\/v2\/product_tag?post=54408"}],"curies":[{"name":"wp","href":"https:\/\/api.w.org\/{rel}","templated":true}]}}