{"id":54403,"date":"2024-07-30T10:18:58","date_gmt":"2024-07-30T08:18:58","guid":{"rendered":"https:\/\/weider.syntonize.dev\/product\/fat-burner-costco\/"},"modified":"2024-07-30T10:19:06","modified_gmt":"2024-07-30T08:19:06","slug":"fat-burner-costco","status":"publish","type":"product","link":"https:\/\/weider.syntonize.dev\/fr\/produit\/fat-burner-costco\/","title":{"rendered":"Fat Burner COSTCO"},"content":{"rendered":"<p>CARACTER\u00cdSTICAS DEL PRODUCTO:<br \/>\nPlan 15 d\u00edas de p\u00e9rdida de peso :<br \/>\nSoluci\u00f3n eficaz para ayudarte a alcanzar las metas en tu plan<br \/>\nde p\u00e9rdida del peso, como parte de tu dieta y complementarlo<br \/>\ncon alguna actividad. Favorece la quema de calor\u00edas y ayuda a<br \/>\nrecuperar tu silueta.<br \/>\nCARACTER\u00cdSTICAS ESPECIALES:<br \/>\n\u2022 T\u00e9 Verde: Contiene numerosos compuestos, incluyendo polifenoles y<br \/>\ncatequinas, las cuales confieren un potente beneficio antioxidante.<br \/>\nUna catequina en particular, la EGCG, ha demostrado un poder<br \/>\nantioxidante extraordinario en estudios de laboratorio. En<br \/>\nestudios no cl\u00ednicos, EGCG tambi\u00e9n ha sido efectivo frente a las<br \/>\nagresiones qu\u00edmicas y ambientales de los tejidos as\u00ed como en la<br \/>\nayuda del mantenimiento de la salud celular.<br \/>\n\u2022 Cromo: Micronutriente esencial que trabaja con la insulina para<br \/>\nfavorecer un nivel de glucosa \u00f3ptimo y tiene un importante papel<br \/>\nen la correcta utilizaci\u00f3n de prote\u00ednas, hidratos de carbono y<br \/>\ngrasas.<br \/>\n\u2022 Cayena: Los estudios han demostrado que el consumo de cayena<br \/>\nmejora la salud cardiovascular y tambi\u00e9n puede estimular una<br \/>\nfunci\u00f3n digestiva saludable.<br \/>\n\u2022 Canela: mejora la respuesta a la insulina y mantiene \u00f3ptimos los<br \/>\nniveles del glucosa en sangre.<br \/>\n\u2022 Mostaza: Con efecto termog\u00e9nico , aumenta el metabolismo basal y<br \/>\nel consumo diario de energ\u00eda.<br \/>\n\u2022 Pomelo: Contien vitamina C (antioxidante), y pectina (fibra).<br \/>\nDismunuyen los niveles de colesterol y posee propiedades<br \/>\nantioxidantes.<br \/>\n\u2022 L-Carnitina: Moviliza \u00e1cido grasos, favoreciendo la reducci\u00f3n de las<br \/>\ngrasas corporales. Mejora la salud cardiovascular, y estimula la<br \/>\nfunci\u00f3n digestiva.<br \/>\nParece que acelera la quema de \u00e1cidos grasos, lo que produce<br \/>\np\u00e9rdida de grasa.<\/p>","protected":false},"excerpt":{"rendered":"<p>Haz 5 comidas al d\u00eda para favorecer la quema de calor\u00edas e incrementar el metabolismo. Bebe 2 litros de agua al d\u00eda. Es esencial para una correcta hidrataci\u00f3n y funcionamiento del organismo. Activate y practica regularmente alguna actividad f\u00edsica<\/p>","protected":false},"featured_media":53540,"template":"","meta":{"inline_featured_image":false},"product_cat":[4785,4786,4781,4767],"product_tag":[],"acf":[],"_links":{"self":[{"href":"https:\/\/weider.syntonize.dev\/fr\/wp-json\/wp\/v2\/product\/54403"}],"collection":[{"href":"https:\/\/weider.syntonize.dev\/fr\/wp-json\/wp\/v2\/product"}],"about":[{"href":"https:\/\/weider.syntonize.dev\/fr\/wp-json\/wp\/v2\/types\/product"}],"wp:featuredmedia":[{"embeddable":true,"href":"https:\/\/weider.syntonize.dev\/fr\/wp-json\/wp\/v2\/media\/53540"}],"wp:attachment":[{"href":"https:\/\/weider.syntonize.dev\/fr\/wp-json\/wp\/v2\/media?parent=54403"}],"wp:term":[{"taxonomy":"product_cat","embeddable":true,"href":"https:\/\/weider.syntonize.dev\/fr\/wp-json\/wp\/v2\/product_cat?post=54403"},{"taxonomy":"product_tag","embeddable":true,"href":"https:\/\/weider.syntonize.dev\/fr\/wp-json\/wp\/v2\/product_tag?post=54403"}],"curies":[{"name":"wp","href":"https:\/\/api.w.org\/{rel}","templated":true}]}}