{"id":54401,"date":"2024-07-30T10:18:58","date_gmt":"2024-07-30T08:18:58","guid":{"rendered":"https:\/\/weider.syntonize.dev\/product\/lpc-protector-hepatico\/"},"modified":"2024-07-30T10:19:06","modified_gmt":"2024-07-30T08:19:06","slug":"lpc-protector-hepatico","status":"publish","type":"product","link":"https:\/\/weider.syntonize.dev\/fr\/produit\/lpc-protector-hepatico\/","title":{"rendered":"LPC (Protector Hep\u00e1tico)"},"content":{"rendered":"<p>Caracter\u00edsticas del producto:<br \/>\n\u2022 Cardo Mariano (40% silimarina): con poder antioxidante,<br \/>\naporta protecci\u00f3n frente a la acci\u00f3n de los radicales libres producidos<br \/>\npor el estr\u00e9s, alcohol, la exposici\u00f3n a los rayos UV, o a la contaminaci\u00f3n<br \/>\nambiental. Aumenta la capacidad fisiol\u00f3gica de resistencia del organismo<br \/>\ncuando existen condiciones ambientales severas. Mantiene el buen<br \/>\nfuncionamiento y salud hep\u00e1tica, favoreciendo las buenas digestiones<br \/>\ny contribuyendo a potenciar el poder detoxificante del h\u00edgado.<br \/>\n\u2022 Diente de Le\u00f3n: al igual que el cardo mariano, tiene poder<br \/>\nantioxidante y ayuda a favorecer el poder detoxificante del h\u00edgado,<br \/>\nfavorece las secreciones digestivas y el tr\u00e1nsito gastrointestinal.<br \/>\n\u2022 Alcachofa: Propiedades diur\u00e9ticas y lipotr\u00f3picas (quema<br \/>\ngrasas), tradicionalmente usada como estimulante de la fabricaci\u00f3n y<br \/>\nliberaci\u00f3n de la bilis, gracias a la presencia de cinarina. Mejora los<br \/>\ns\u00edntomas asociados a problemas digestivos y hepatobiliares. Tamb\u00eden<br \/>\nmejora la funci\u00f3n renal, facilitando las funciones de eliminaci\u00f3n del<br \/>\norganismo.<br \/>\n\u2022 Vitamina B6: Necesaria para mantener la energ\u00eda y vitalidad,<br \/>\ny un buen estado de salud, esencial en el metabolismo energ\u00e9tico.<\/p>","protected":false},"excerpt":{"rendered":"<p>Ayuda en los procesos de detoxif icaci\u00f3n del organismo<br \/>\nProporciona energ\u00eda y vitalidad, mantiene el bienestar general.<br \/>\nAyuda a mejorar el tr\u00e1nsito intestinal<\/p>","protected":false},"featured_media":0,"template":"","meta":{"inline_featured_image":false},"product_cat":[4769,4793,4767],"product_tag":[],"acf":[],"_links":{"self":[{"href":"https:\/\/weider.syntonize.dev\/fr\/wp-json\/wp\/v2\/product\/54401"}],"collection":[{"href":"https:\/\/weider.syntonize.dev\/fr\/wp-json\/wp\/v2\/product"}],"about":[{"href":"https:\/\/weider.syntonize.dev\/fr\/wp-json\/wp\/v2\/types\/product"}],"wp:attachment":[{"href":"https:\/\/weider.syntonize.dev\/fr\/wp-json\/wp\/v2\/media?parent=54401"}],"wp:term":[{"taxonomy":"product_cat","embeddable":true,"href":"https:\/\/weider.syntonize.dev\/fr\/wp-json\/wp\/v2\/product_cat?post=54401"},{"taxonomy":"product_tag","embeddable":true,"href":"https:\/\/weider.syntonize.dev\/fr\/wp-json\/wp\/v2\/product_tag?post=54401"}],"curies":[{"name":"wp","href":"https:\/\/api.w.org\/{rel}","templated":true}]}}