{"id":54400,"date":"2024-07-30T10:18:58","date_gmt":"2024-07-30T08:18:58","guid":{"rendered":"https:\/\/weider.syntonize.dev\/product\/l-carnitine-masticable-pina\/"},"modified":"2024-07-30T10:19:05","modified_gmt":"2024-07-30T08:19:05","slug":"l-carnitine-masticable-pina","status":"publish","type":"product","link":"https:\/\/weider.syntonize.dev\/fr\/produit\/l-carnitine-masticable-pina\/","title":{"rendered":"L-Carnitine Masticable Pi\u00f1a"},"content":{"rendered":"<p>La L-Carnitina transporta los \u00e1cidos grasos acumulados en dep\u00f3sitos de grasa hasta las mitocondrias, donde se oxidan para obtener energ\u00eda. Solo la L-Carnitina es biol\u00f3gicamente efectiva. Aunque el cuerpo puede sintetizarla y obtenerla de alimentos animales, estas cantidades son insuficientes para movilizar las grasas, por lo que es necesaria la suplementaci\u00f3n. <\/p>\n<p>Para mejores resultados, se recomienda combinar la ingesta de L-CARNITINE TABLETS con ejercicio aer\u00f3bico, aumentando la demanda energ\u00e9tica y la movilizaci\u00f3n de grasas. Cada c\u00e1psula de L-CARNITINE TABLETS contiene 300 mg de L-Carnitina (100% Carnipure) y est\u00e1 formulada con ingredientes de alta calidad para cuidar tu salud y ayudarte a alcanzar tus objetivos r\u00e1pidamente.<\/p>","protected":false},"excerpt":{"rendered":"<p>100% Carnipure<br \/>\nFavorece la eliminaci\u00f3n de grasa<br \/>\nTe ayuda a obtener los resultados deseados<\/p>","protected":false},"featured_media":0,"template":"","meta":{"inline_featured_image":false},"product_cat":[4785,4786,4767],"product_tag":[],"acf":[],"_links":{"self":[{"href":"https:\/\/weider.syntonize.dev\/fr\/wp-json\/wp\/v2\/product\/54400"}],"collection":[{"href":"https:\/\/weider.syntonize.dev\/fr\/wp-json\/wp\/v2\/product"}],"about":[{"href":"https:\/\/weider.syntonize.dev\/fr\/wp-json\/wp\/v2\/types\/product"}],"wp:attachment":[{"href":"https:\/\/weider.syntonize.dev\/fr\/wp-json\/wp\/v2\/media?parent=54400"}],"wp:term":[{"taxonomy":"product_cat","embeddable":true,"href":"https:\/\/weider.syntonize.dev\/fr\/wp-json\/wp\/v2\/product_cat?post=54400"},{"taxonomy":"product_tag","embeddable":true,"href":"https:\/\/weider.syntonize.dev\/fr\/wp-json\/wp\/v2\/product_tag?post=54400"}],"curies":[{"name":"wp","href":"https:\/\/api.w.org\/{rel}","templated":true}]}}