{"id":54396,"date":"2024-07-30T10:18:58","date_gmt":"2024-07-30T08:18:58","guid":{"rendered":"https:\/\/weider.syntonize.dev\/product\/hzrd-shot-citrus\/"},"modified":"2024-07-30T10:19:04","modified_gmt":"2024-07-30T08:19:04","slug":"hzrd-shot-citrus","status":"publish","type":"product","link":"https:\/\/weider.syntonize.dev\/fr\/produit\/hzrd-shot-citrus\/","title":{"rendered":"HZRD SHOT Citrus"},"content":{"rendered":"<p>La composici\u00f3n bien pensada del HZRD SHOT utiliza la sinergia de los amino\u00e1cidos L-citrulina y L-arginina y te proporciona todo lo que necesitas para un entrenamiento de alta intensidad, \u00a1todo en s\u00f3lo 60 ml!  <\/p>\n<p>Adem\u00e1s, el pr\u00e1ctico shot pre-entrenamiento contiene acetil-L-carnitina y taurina de alta calidad, as\u00ed como 200 mg completos de cafe\u00edna estimulante. Las vitaminas del grupo B que contiene, niacina y vitamina B6, tambi\u00e9n ayudan a reducir el cansancio y el agotamiento.<\/p>","protected":false},"excerpt":{"rendered":"<p>Dosificado con 4 g de L-citrulina malato y 2 g de L-arginina<br \/>\nCon N-acetil-L-carnitina y taurina de alta calidad<br \/>\n200 mg de cafe\u00edna para un extra empuj\u00f3n<\/p>","protected":false},"featured_media":53528,"template":"","meta":{"inline_featured_image":false},"product_cat":[4778,4776,4767],"product_tag":[],"acf":[],"_links":{"self":[{"href":"https:\/\/weider.syntonize.dev\/fr\/wp-json\/wp\/v2\/product\/54396"}],"collection":[{"href":"https:\/\/weider.syntonize.dev\/fr\/wp-json\/wp\/v2\/product"}],"about":[{"href":"https:\/\/weider.syntonize.dev\/fr\/wp-json\/wp\/v2\/types\/product"}],"wp:featuredmedia":[{"embeddable":true,"href":"https:\/\/weider.syntonize.dev\/fr\/wp-json\/wp\/v2\/media\/53528"}],"wp:attachment":[{"href":"https:\/\/weider.syntonize.dev\/fr\/wp-json\/wp\/v2\/media?parent=54396"}],"wp:term":[{"taxonomy":"product_cat","embeddable":true,"href":"https:\/\/weider.syntonize.dev\/fr\/wp-json\/wp\/v2\/product_cat?post=54396"},{"taxonomy":"product_tag","embeddable":true,"href":"https:\/\/weider.syntonize.dev\/fr\/wp-json\/wp\/v2\/product_tag?post=54396"}],"curies":[{"name":"wp","href":"https:\/\/api.w.org\/{rel}","templated":true}]}}