{"id":54391,"date":"2024-07-30T10:18:58","date_gmt":"2024-07-30T08:18:58","guid":{"rendered":"https:\/\/weider.syntonize.dev\/product\/day-night-casein-chocolate\/"},"modified":"2024-07-30T10:19:03","modified_gmt":"2024-07-30T08:19:03","slug":"day-night-casein-chocolate","status":"publish","type":"product","link":"https:\/\/weider.syntonize.dev\/fr\/produit\/day-night-casein-chocolate\/","title":{"rendered":"Jour &amp; Nuit Cas\u00e9ine Chocolat"},"content":{"rendered":"<p>La Case\u00edna representa una fracci\u00f3n muy importante de las prote\u00ednas l\u00e1cteas, tanto es as\u00ed que es la prote\u00edna mayoritaria en la leche (80% de las prote\u00ednas totales). Se metaboliza lentamente, liberando de forma sostenida amino\u00e1cidos al torrente sangu\u00edneo. De esta manera los m\u00fasculos reciben de forma continua todos los amino\u00e1cidos necesarios para su crecimiento. <\/p>\n<p>Adem\u00e1s la liberaci\u00f3n de insulina por el organismo despu\u00e9s de su ingesta es baja, lo que produce un efecto anticatab\u00f3lico durante un largo per\u00edodo. Esto, junto a su bajo contenido en grasas e hidratos de carbono, hace que este producto pueda ayudar en el metabolismo de las grasas cuando se est\u00e1 a dieta para p\u00e9rdida de peso. <\/p>\n<p>La obtenci\u00f3n de la Case\u00edna se hace utilizando los m\u00e9todos m\u00e1s novedosos y ofrece la m\u00e1s alta calidad. Debido a estos m\u00e9todos la case\u00edna es rica en L-Glutamina. <\/p>\n<p>Te ofrecemos una f\u00f3rmula cremosa y de f\u00e1cil disoluci\u00f3n, lo que contribuye a su delicioso sabor.<\/p>","protected":false},"excerpt":{"rendered":"<p>F\u00f3rmula proteica con caseinato c\u00e1lcico que proporciona una liberaci\u00f3n gradual de amino \u00e1cidos<br \/>\nEfecto saciante sin sentirte pesado<\/p>","protected":false},"featured_media":53515,"template":"","meta":{"inline_featured_image":false},"product_cat":[4780,4769,4766,4764,4772,4767],"product_tag":[],"acf":[],"_links":{"self":[{"href":"https:\/\/weider.syntonize.dev\/fr\/wp-json\/wp\/v2\/product\/54391"}],"collection":[{"href":"https:\/\/weider.syntonize.dev\/fr\/wp-json\/wp\/v2\/product"}],"about":[{"href":"https:\/\/weider.syntonize.dev\/fr\/wp-json\/wp\/v2\/types\/product"}],"wp:featuredmedia":[{"embeddable":true,"href":"https:\/\/weider.syntonize.dev\/fr\/wp-json\/wp\/v2\/media\/53515"}],"wp:attachment":[{"href":"https:\/\/weider.syntonize.dev\/fr\/wp-json\/wp\/v2\/media?parent=54391"}],"wp:term":[{"taxonomy":"product_cat","embeddable":true,"href":"https:\/\/weider.syntonize.dev\/fr\/wp-json\/wp\/v2\/product_cat?post=54391"},{"taxonomy":"product_tag","embeddable":true,"href":"https:\/\/weider.syntonize.dev\/fr\/wp-json\/wp\/v2\/product_tag?post=54391"}],"curies":[{"name":"wp","href":"https:\/\/api.w.org\/{rel}","templated":true}]}}