{"id":54387,"date":"2024-07-30T10:18:58","date_gmt":"2024-07-30T08:18:58","guid":{"rendered":"https:\/\/weider.syntonize.dev\/product\/rush-pump\/"},"modified":"2024-07-30T10:19:01","modified_gmt":"2024-07-30T08:19:01","slug":"rush-pump","status":"publish","type":"product","link":"https:\/\/weider.syntonize.dev\/fr\/produit\/rush-pump\/","title":{"rendered":"Pompe \u00e0 joncs"},"content":{"rendered":"<p>Rush Pump de Weider es un pre-entrenamiento sin estimulantes dise\u00f1ado para proporcionar energ\u00eda y mejorar el rendimiento durante el entrenamiento. Con una alta concentraci\u00f3n de ingredientes activos, incluyendo amino\u00e1cidos libres, extracto de amaranto (Oxystorm\u00ae), polvo de remolacha, polvo de hoja de Ginkgo, vitaminas y minerales, este producto te ayudar\u00e1 a dar lo mejor de ti en cada sesi\u00f3n de entrenamiento. <\/p>\n<p>Los ingredientes clave de Rush Pump incluyen: <\/p>\n<p>8.000 mg de L-Citrulina Malato: Activa la s\u00edntesis de \u00f3xido n\u00edtrico, mejorando el flujo sangu\u00edneo y reduciendo la congesti\u00f3n muscular durante el ejercicio. <\/p>\n<p>5.000 mg de L-Arginina: Mejora la producci\u00f3n de \u00f3xido n\u00edtrico, promoviendo entrenamientos explosivos y resultados de m\u00e1ximo rendimiento. <\/p>\n<p>500 mg de Oxystorm\u00ae: Extracto de amaranto, una rica fuente de nitrato que act\u00faa como vasodilatador, mejorando la oxigenaci\u00f3n muscular durante la actividad f\u00edsica. <\/p>\n<p>Este pre-entrenamiento es ideal para aquellos que no desean o no pueden consumir estimulantes. Tambi\u00e9n es una excelente opci\u00f3n para entrenamientos nocturnos, ya que no afectar\u00e1 tu capacidad para descansar despu\u00e9s del ejercicio.  <\/p>\n<p>Experimenta el poder energ\u00e9tico de Rush Pump de Weider y descubre c\u00f3mo puede mejorar tu rendimiento durante tus entrenamientos.<\/p>","protected":false},"excerpt":{"rendered":"<p>Sin cafe\u00edna ni creatina<br \/>\nCon 8000 mg de L-Citrulina y 5000 mg de L-Arginina<br \/>\nCon 500 mg de Oxystorm\u00ae, Ginko biloba y remolacha<\/p>","protected":false},"featured_media":53500,"template":"","meta":{"inline_featured_image":false},"product_cat":[4769,4778,4766,4776,4767],"product_tag":[],"acf":[],"_links":{"self":[{"href":"https:\/\/weider.syntonize.dev\/fr\/wp-json\/wp\/v2\/product\/54387"}],"collection":[{"href":"https:\/\/weider.syntonize.dev\/fr\/wp-json\/wp\/v2\/product"}],"about":[{"href":"https:\/\/weider.syntonize.dev\/fr\/wp-json\/wp\/v2\/types\/product"}],"wp:featuredmedia":[{"embeddable":true,"href":"https:\/\/weider.syntonize.dev\/fr\/wp-json\/wp\/v2\/media\/53500"}],"wp:attachment":[{"href":"https:\/\/weider.syntonize.dev\/fr\/wp-json\/wp\/v2\/media?parent=54387"}],"wp:term":[{"taxonomy":"product_cat","embeddable":true,"href":"https:\/\/weider.syntonize.dev\/fr\/wp-json\/wp\/v2\/product_cat?post=54387"},{"taxonomy":"product_tag","embeddable":true,"href":"https:\/\/weider.syntonize.dev\/fr\/wp-json\/wp\/v2\/product_tag?post=54387"}],"curies":[{"name":"wp","href":"https:\/\/api.w.org\/{rel}","templated":true}]}}