{"id":54385,"date":"2024-07-30T12:40:09","date_gmt":"2024-07-30T10:40:09","guid":{"rendered":"https:\/\/weider.syntonize.dev\/product\/creatine-200-mesh-astragin-neutra\/"},"modified":"2024-07-31T09:29:58","modified_gmt":"2024-07-31T07:29:58","slug":"creatine-200-mesh-astragin-neutra","status":"publish","type":"product","link":"https:\/\/weider.syntonize.dev\/fr\/produit\/creatine-200-mesh-astragin-neutra\/","title":{"rendered":"Creatine 200 Mesh AstraGin Neutra"},"content":{"rendered":"<p>\u2022 Creatina Micronizada 200 MESH<\/p>\n<p>\u2022 Con AstraGin\u00ae<\/p>\n<p>\u2022 Excelente absorci\u00f3n en organismo<\/p>\n<p>La creatina (C) es un suplemento muy com\u00fan entre los deportistas. Son muchos<\/p>\n<p>los estudios que han demostrado su efecto ergog\u00e9nico aumentando las reservas de<\/p>\n<p>fosfocreatina (PC) a nivel muscular, y por tanto de ATP.<\/p>\n<p>El ATP es la mol\u00e9cula energ\u00e9tica que el m\u00fasculo utiliza durante esfuerzos de alta<\/p>\n<p>intensidad y corta duraci\u00f3n, por lo que la suplementaci\u00f3n con creatina (C) incrementa<\/p>\n<p>el aporte energ\u00e9tico a la musculatura, adem\u00e1s de facilitar la res\u00edntesis de fosfocreatina (PC).<\/p>\n<p>Todo esto se traduce en un aumento de la fuerza y una mejora en la capacidad de<\/p>\n<p>recuperaci\u00f3n entre series, lo que permite a aumentar la intensidad de los entrenamientos para superarte d\u00eda tras d\u00eda.<\/p>\n<p>Con la finalidad de ayudarte a alcanzar tus mejores resultados, Weider ha formulado<\/p>\n<p>una creatina micronizada, 200 mesh. Esto hace referencia a la buena solubilidad en el<\/p>\n<p>agua, y por lo tanto a una mejor absorci\u00f3n en el organismo debido al tama\u00f1o de las<\/p>\n<p>part\u00edculas.<\/p>\n<p>En Weider siempre queremos seguir innovando, y por eso hemos a\u00f1adido sabor a<\/p>\n<p>nuestra creatina, un sabor incre\u00edblemente bueno, blueraspberry. Cuando lo pruebes, no dejar\u00e1 indiferente a nadie.<\/p>\n<p>Para poder hacer una formula completa, le hemos a\u00f1adido AstraGin\u00ae, es un<\/p>\n<p>compuesto patentado 100% vegetal que incrementa la absorci\u00f3n de muchos nutrientes vitales promoviendo un entorno intestinal saludable. Cuenta con numerosos estudios<\/p>\n<p>que avalan su eficiencia. Espec\u00edficamente para este producto, aumenta la absorci\u00f3n de amino\u00e1cidos como la creatina en un 33%.<\/p>","protected":false},"excerpt":{"rendered":"<p>\u2022 Creatina Micronizada 200 MESH<\/p>\n<p>\u2022 Con AstraGin\u00ae<\/p>\n<p>\u2022 Excelente absorci\u00f3n en organismo<\/p>","protected":false},"featured_media":53495,"template":"","meta":{"inline_featured_image":false},"product_cat":[4769,4775,4766,4776,4767],"product_tag":[],"acf":[],"_links":{"self":[{"href":"https:\/\/weider.syntonize.dev\/fr\/wp-json\/wp\/v2\/product\/54385"}],"collection":[{"href":"https:\/\/weider.syntonize.dev\/fr\/wp-json\/wp\/v2\/product"}],"about":[{"href":"https:\/\/weider.syntonize.dev\/fr\/wp-json\/wp\/v2\/types\/product"}],"wp:featuredmedia":[{"embeddable":true,"href":"https:\/\/weider.syntonize.dev\/fr\/wp-json\/wp\/v2\/media\/53495"}],"wp:attachment":[{"href":"https:\/\/weider.syntonize.dev\/fr\/wp-json\/wp\/v2\/media?parent=54385"}],"wp:term":[{"taxonomy":"product_cat","embeddable":true,"href":"https:\/\/weider.syntonize.dev\/fr\/wp-json\/wp\/v2\/product_cat?post=54385"},{"taxonomy":"product_tag","embeddable":true,"href":"https:\/\/weider.syntonize.dev\/fr\/wp-json\/wp\/v2\/product_tag?post=54385"}],"curies":[{"name":"wp","href":"https:\/\/api.w.org\/{rel}","templated":true}]}}