{"id":54127,"date":"2024-07-30T10:10:56","date_gmt":"2024-07-30T08:10:56","guid":{"rendered":"https:\/\/weider.syntonize.dev\/product\/iso-energy\/"},"modified":"2024-07-30T10:15:34","modified_gmt":"2024-07-30T08:15:34","slug":"iso-energy","status":"publish","type":"product","link":"https:\/\/weider.syntonize.dev\/fr\/produit\/iso-energy\/","title":{"rendered":"Iso Energy"},"content":{"rendered":"<p>F\u00f3rmula revolucionaria que combina hidratos de carbono simples y<br \/>\ncomplejos, amino\u00e1cidos, antioxidantes y electrolitos. Especialmente<br \/>\ndise\u00f1ada para rehidratarse, optimizar y aumentar la resistencia<br \/>\ndurante el entrenamiento.<br \/>\nSi practicas un deporte de resistencia no lo dudes, ISO-ENERGY es<br \/>\ntu producto.<br \/>\n\u2022 Carbo Optimum Complex: Matriz compleja de hidratos de<br \/>\ncarbono simples y complejos que mejoran la absorci\u00f3n y la<br \/>\nutilizaci\u00f3n de la energ\u00eda por las c\u00e9lulas adem\u00e1s de proporcionar<br \/>\nuna r\u00e1pida hidrataci\u00f3n.<br \/>\n\u2022 L-Glutamina: Es un amino\u00e1cido fundamental para la<br \/>\nreparaci\u00f3n del tejido muscular y la recuperaci\u00f3n. Adem\u00e1s<br \/>\nmejora la funci\u00f3n del sistema inmune y disminuye el \u201cs\u00edndrome<br \/>\nde sobreentrenamiento\u201d (OTS, Over training syndrome)<br \/>\n\u2022 Electrolitos: En ejercicios prolongados se produce un aumento<br \/>\nen la perdida de electrolitos a trav\u00e9s del sudor y la orina. Los<br \/>\nm\u00e1s relevantes son:<br \/>\n&#8211; Calcio: Tiene un papel fundamental en la contracci\u00f3n y<br \/>\nrelajaci\u00f3n del m\u00fasculo, conducci\u00f3n nerviosa, secreci\u00f3n de<br \/>\nhormonas, entre otros.<br \/>\n&#8211; Potasio: Importante en el transporte de glucosa a la<br \/>\nc\u00e9lula muscular.<br \/>\n&#8211; Magnesio: Forma parte de m\u00e1s de 300 enzimas, esta<br \/>\nrelacionado con la transmisi\u00f3n del impulso nervioso,<br \/>\ncontracci\u00f3n muscular y producci\u00f3n de ATP (mol\u00e9cula<br \/>\nenerg\u00e9tica).<br \/>\n&#8211; Sodio y Cloro: Son fundamentales para la correcta<br \/>\nregulaci\u00f3n del balance h\u00eddrico.<br \/>\n\u2022 Vitamina C: en deportes de resistencia juega un importante<br \/>\npapel debido a su capacidad antioxidante, eliminaci\u00f3n de los<br \/>\nradicales libres, as\u00ed como regulador en la s\u00edntesis de col\u00e1geno<br \/>\ny protecci\u00f3n del sistema inmunol\u00f3gico.<\/p>","protected":false},"excerpt":{"rendered":"<p>F\u00f3rmula avanzada para aumentar la resistencia<br \/>\ndurante el ejercicio<br \/>\n&#8211; R\u00e1pida energ\u00eda e hidrataci\u00f3n<\/p>","protected":false},"featured_media":54372,"template":"","meta":{"inline_featured_image":false},"product_cat":[4790,4789,4776,4782,4791],"product_tag":[],"acf":[],"_links":{"self":[{"href":"https:\/\/weider.syntonize.dev\/fr\/wp-json\/wp\/v2\/product\/54127"}],"collection":[{"href":"https:\/\/weider.syntonize.dev\/fr\/wp-json\/wp\/v2\/product"}],"about":[{"href":"https:\/\/weider.syntonize.dev\/fr\/wp-json\/wp\/v2\/types\/product"}],"wp:featuredmedia":[{"embeddable":true,"href":"https:\/\/weider.syntonize.dev\/fr\/wp-json\/wp\/v2\/media\/54372"}],"wp:attachment":[{"href":"https:\/\/weider.syntonize.dev\/fr\/wp-json\/wp\/v2\/media?parent=54127"}],"wp:term":[{"taxonomy":"product_cat","embeddable":true,"href":"https:\/\/weider.syntonize.dev\/fr\/wp-json\/wp\/v2\/product_cat?post=54127"},{"taxonomy":"product_tag","embeddable":true,"href":"https:\/\/weider.syntonize.dev\/fr\/wp-json\/wp\/v2\/product_tag?post=54127"}],"curies":[{"name":"wp","href":"https:\/\/api.w.org\/{rel}","templated":true}]}}