{"id":54083,"date":"2024-07-30T10:10:56","date_gmt":"2024-07-30T08:10:56","guid":{"rendered":"https:\/\/weider.syntonize.dev\/product\/carbo-boost-gel\/"},"modified":"2024-07-30T10:15:34","modified_gmt":"2024-07-30T08:15:34","slug":"carbo-boost-gel","status":"publish","type":"product","link":"https:\/\/weider.syntonize.dev\/fr\/produit\/carbo-boost-gel\/","title":{"rendered":"Gel Carbo Boost"},"content":{"rendered":"<p>Carbo Boost Gel es la combinaci\u00f3n ideal de hidratos de carbono complejos y simples<br \/>\ny amino\u00e1cidos en formato gel. Gracias a su completa f\u00f3rmula, proporciona la energ\u00eda<br \/>\nnecesaria para el ejercicio f\u00edsico prolongado, adem\u00e1s de reducir calambres y reponer, de<br \/>\nforma inmediata, la p\u00e9rdida de electrolitos.<br \/>\nEn su composici\u00f3n podemos destacar:<br \/>\n\u2013 Mezcla de carbohidratos complejos: maltodextrina, isomaltulosa (Palatinosa\u00ae)<br \/>\ny ciclodextrina (Cluster Dextrin\u00ae). Gracias a los carbohidratos complejos se obtiene<br \/>\nla energ\u00eda necesaria para la pr\u00e1ctica de ejercicio de forma controlada y prolongada.<br \/>\nEstos liberan sus monosac\u00e1ridos (az\u00facares) de forma lenta y van generando una<br \/>\nelevaci\u00f3n de la glucemia, permitiendo que la energ\u00eda se prolongue durante un mayor<br \/>\nespacio de tiempo.<br \/>\n\u2013 Carbohidratos simples: dextrosa y fructosa. Los carbohidratos simples se<br \/>\ndigieren y absorben r\u00e1pidamente en el intestino, lo que permite obtener energ\u00eda<br \/>\nde forma r\u00e1pida. Adem\u00e1s, son muy utilizados por deportistas profesionales como<br \/>\nagentes regeneradores de m\u00fasculos, tendones y ligamentos.<br \/>\n\u2013 Amino\u00e1cidos Ramificados (BCAAs): son amino\u00e1cidos esenciales<br \/>\nimprescindibles para el crecimiento y recuperaci\u00f3n muscular, que proporcionan<br \/>\nla energ\u00eda necesaria para el m\u00fasculo en situaciones de ejercicio intenso. Tambi\u00e9n<br \/>\nayudan a combatir la sensaci\u00f3n de cansancio y fatiga.<br \/>\n\u2013 Sodio: Cabe destacar la importancia de incluir sodio en la composici\u00f3n del gel de<br \/>\ncarbohidratos, debido a que mejora la rehidrataci\u00f3n y proporciona mejor equilibrio<br \/>\nde los fluidos corporales, contribuyendo al mantenimiento de la osmolaridad<br \/>\nplasm\u00e1tica. Adem\u00e1s, el sodio mejora el mecanismo de co-transporte de la mol\u00e9cula<br \/>\nde glucosa a nivel intestinal, aumentando la velocidad de absorci\u00f3n.<br \/>\nPor lo tanto, con Carbo Boost Gel, tenemos la combinaci\u00f3n perfecta para aquellos que<br \/>\nbusquen una energ\u00eda r\u00e1pida y duradera en ejercicios prolongados.<br \/>\nPresenta un envase ergon\u00f3mico dise\u00f1ado para el perfecto transporte y utilizaci\u00f3n del<br \/>\ndeportista. Adem\u00e1s, contamos con tres sabores diferentes para todos los gustos, dos<br \/>\nsabores SIN cafe\u00edna (neutro, manzana verde)y 1 CON Cafe\u00edna (caf\u00e9). Estos geles son libres<br \/>\nde gluten y aptos para los consumidores veganos y vegetarianos.<\/p>","protected":false},"excerpt":{"rendered":"<p>50 g carbohidratos\/gel<br \/>\nBCAA 2:1:1<br \/>\nVegano y Libre de Gluten<\/p>","protected":false},"featured_media":54349,"template":"","meta":{"inline_featured_image":false},"product_cat":[4777,4788,4776,4783,4781,4782],"product_tag":[],"acf":[],"_links":{"self":[{"href":"https:\/\/weider.syntonize.dev\/fr\/wp-json\/wp\/v2\/product\/54083"}],"collection":[{"href":"https:\/\/weider.syntonize.dev\/fr\/wp-json\/wp\/v2\/product"}],"about":[{"href":"https:\/\/weider.syntonize.dev\/fr\/wp-json\/wp\/v2\/types\/product"}],"wp:featuredmedia":[{"embeddable":true,"href":"https:\/\/weider.syntonize.dev\/fr\/wp-json\/wp\/v2\/media\/54349"}],"wp:attachment":[{"href":"https:\/\/weider.syntonize.dev\/fr\/wp-json\/wp\/v2\/media?parent=54083"}],"wp:term":[{"taxonomy":"product_cat","embeddable":true,"href":"https:\/\/weider.syntonize.dev\/fr\/wp-json\/wp\/v2\/product_cat?post=54083"},{"taxonomy":"product_tag","embeddable":true,"href":"https:\/\/weider.syntonize.dev\/fr\/wp-json\/wp\/v2\/product_tag?post=54083"}],"curies":[{"name":"wp","href":"https:\/\/api.w.org\/{rel}","templated":true}]}}