{"id":54042,"date":"2024-07-30T10:06:35","date_gmt":"2024-07-30T08:06:35","guid":{"rendered":"https:\/\/weider.syntonize.dev\/product\/premium-whey\/"},"modified":"2024-07-30T10:10:55","modified_gmt":"2024-07-30T08:10:55","slug":"premium-whey","status":"publish","type":"product","link":"https:\/\/weider.syntonize.dev\/fr\/produit\/premium-whey\/","title":{"rendered":"Lactos\u00e9rum Premium"},"content":{"rendered":"<p>Premium Whey de Weider es una prote\u00edna de alta calidad elaborada con concentrado de prote\u00edna de suero y aislado de prote\u00edna de suero obtenido mediante el proceso CFM (Microfiltraci\u00f3n de Flujo Cruzado), garantizando as\u00ed un alto valor biol\u00f3gico y un contenido destacado de amino\u00e1cidos ramificados (BCAA\u00b4s). <\/p>\n<p>Esta prote\u00edna se enriquece a\u00fan m\u00e1s con p\u00e9ptidos de L-Glutamina, proporcionando 2 gramos adicionales por toma. Esto favorece una r\u00e1pida recuperaci\u00f3n y desarrollo muscular al estimular la s\u00edntesis proteica. <\/p>\n<p>Adem\u00e1s de su calidad nutricional, Premium Whey de Weider ofrece una variedad de sabores irresistibles que la hacen atractiva para el consumidor. <\/p>\n<p>Considerando las necesidades diarias de prote\u00ednas de los deportistas, que var\u00edan seg\u00fan su actividad, Premium Whey se recomienda como un suplemento rico en prote\u00ednas para consumir una o dos veces al d\u00eda. Es especialmente beneficioso para deportistas de fondo, fuerza y aquellos que buscan mantener una nutrici\u00f3n equilibrada y saludable.<\/p>","protected":false},"excerpt":{"rendered":"<p>La prote\u00edna de suero m\u00e1s completa del mercado.<br \/>\nDelicioso sabor y perfecta disoluci\u00f3n.<br \/>\nCon un plus de L-Glutamina.<\/p>","protected":false},"featured_media":54327,"template":"","meta":{"inline_featured_image":false},"product_cat":[4780,4769,4766,4764,4772,4767],"product_tag":[],"acf":[],"_links":{"self":[{"href":"https:\/\/weider.syntonize.dev\/fr\/wp-json\/wp\/v2\/product\/54042"}],"collection":[{"href":"https:\/\/weider.syntonize.dev\/fr\/wp-json\/wp\/v2\/product"}],"about":[{"href":"https:\/\/weider.syntonize.dev\/fr\/wp-json\/wp\/v2\/types\/product"}],"wp:featuredmedia":[{"embeddable":true,"href":"https:\/\/weider.syntonize.dev\/fr\/wp-json\/wp\/v2\/media\/54327"}],"wp:attachment":[{"href":"https:\/\/weider.syntonize.dev\/fr\/wp-json\/wp\/v2\/media?parent=54042"}],"wp:term":[{"taxonomy":"product_cat","embeddable":true,"href":"https:\/\/weider.syntonize.dev\/fr\/wp-json\/wp\/v2\/product_cat?post=54042"},{"taxonomy":"product_tag","embeddable":true,"href":"https:\/\/weider.syntonize.dev\/fr\/wp-json\/wp\/v2\/product_tag?post=54042"}],"curies":[{"name":"wp","href":"https:\/\/api.w.org\/{rel}","templated":true}]}}