{"id":53991,"date":"2024-07-30T10:03:40","date_gmt":"2024-07-30T08:03:40","guid":{"rendered":"https:\/\/weider.syntonize.dev\/product\/l-carnitine-water\/"},"modified":"2024-07-30T10:06:34","modified_gmt":"2024-07-30T08:06:34","slug":"l-carnitine-water","status":"publish","type":"product","link":"https:\/\/weider.syntonize.dev\/fr\/produit\/l-carnitine-water\/","title":{"rendered":"L-Carnitine Water"},"content":{"rendered":"<p>Bebida con L-carnitina.  Ideal para reponer la p\u00e9rdida de l\u00edquidos durante el entrenamiento a la vez que promueve el funcionamiento adecuado del metabolismo lip\u00eddico.  Con s\u00f3lo 6 kcal por botella, esta refrescante bebida es perfecta para refrescarte en tus entrenamientos sin consumir apenas calor\u00edas. <\/p>\n<p>La nueva L-carnitine Water no aporta calor\u00edas, es libre de az\u00facares, colorantes ni conservantes. Adem\u00e1s, se ha a\u00f1adido un plus de colina que contribuye al metabolismo normal de los l\u00edpidos. <\/p>\n<p>\u00bfQu\u00e9 es la L-Carnitina? <\/p>\n<p>La L-Carnitina es una mol\u00e9cula necesaria para transportar los \u00e1cidos grasos al interior de la mitocondria, lugar donde las grasas se transforman en energ\u00eda, actuando como las \u201ccalderas\u201d cuerpo donde se produce al combusti\u00f3n de las grasas y se produce la energ\u00eda. <\/p>\n<p>Adem\u00e1s de para la p\u00e9rdida de peso, la L-carnitina es \u00fatil en entrenamientos de resistencia intensos ya que favorece la obtenci\u00f3n de energ\u00eda a trav\u00e9s de las grasas, conservando las reservas de gluc\u00f3geno y haciendo nuestras sesiones de entrenamiento m\u00e1s eficaces.<\/p>","protected":false},"excerpt":{"rendered":"<p>Facilita la utilizaci\u00f3n de las grasas como fuente de energ\u00eda<br \/>\nSin colorantes ni conservantes<\/p>","protected":false},"featured_media":54298,"template":"","meta":{"inline_featured_image":false},"product_cat":[4784,4785,4786,4767],"product_tag":[],"acf":[],"_links":{"self":[{"href":"https:\/\/weider.syntonize.dev\/fr\/wp-json\/wp\/v2\/product\/53991"}],"collection":[{"href":"https:\/\/weider.syntonize.dev\/fr\/wp-json\/wp\/v2\/product"}],"about":[{"href":"https:\/\/weider.syntonize.dev\/fr\/wp-json\/wp\/v2\/types\/product"}],"wp:featuredmedia":[{"embeddable":true,"href":"https:\/\/weider.syntonize.dev\/fr\/wp-json\/wp\/v2\/media\/54298"}],"wp:attachment":[{"href":"https:\/\/weider.syntonize.dev\/fr\/wp-json\/wp\/v2\/media?parent=53991"}],"wp:term":[{"taxonomy":"product_cat","embeddable":true,"href":"https:\/\/weider.syntonize.dev\/fr\/wp-json\/wp\/v2\/product_cat?post=53991"},{"taxonomy":"product_tag","embeddable":true,"href":"https:\/\/weider.syntonize.dev\/fr\/wp-json\/wp\/v2\/product_tag?post=53991"}],"curies":[{"name":"wp","href":"https:\/\/api.w.org\/{rel}","templated":true}]}}