{"id":53943,"date":"2024-07-30T09:57:46","date_gmt":"2024-07-30T07:57:46","guid":{"rendered":"https:\/\/weider.syntonize.dev\/product\/endurance-bar\/"},"modified":"2024-07-30T10:06:34","modified_gmt":"2024-07-30T08:06:34","slug":"endurance-bar","status":"publish","type":"product","link":"https:\/\/weider.syntonize.dev\/fr\/produit\/endurance-bar\/","title":{"rendered":"Endurance Bar"},"content":{"rendered":"<p>\u00a0La deliciosa Endurance Bar ha sido elaborada con m\u00e1s de 39 gramos de pura avena, y para darle un toque especial se han a\u00f1adido frutas tropicales como pi\u00f1a y papaya, que no solo mejoran su sabor, sino que tambi\u00e9n aportan enzimas digestivas que facilitan su digesti\u00f3n. <\/p>\n<p>Dise\u00f1ada para proporcionar energ\u00eda duradera, la Endurance Bar contiene las proporciones adecuadas de nutrientes, con un 66.5% de las calor\u00edas totales provenientes de los hidratos de carbono. Estos carbohidratos est\u00e1n combinados de manera \u00f3ptima para evitar desfallecimientos durante el entrenamiento o la competici\u00f3n. Gracias a su composici\u00f3n rica en cereales y frutas, ofrece una energ\u00eda r\u00e1pida y duradera. <\/p>\n<p>Al ser baja en grasa y con m\u00e1s del 58% de las grasas de origen vegetal, es una opci\u00f3n m\u00e1s saludable y cardiosaludable. <\/p>\n<p>Por todas estas razones, la Endurance Bar es la opci\u00f3n ideal para consumir antes de esfuerzos intensos y prolongados.  <\/p>\n<p>\u00a1Y ahora disponible en el irresistible sabor Banana-Chocolate blanco!<\/p>","protected":false},"excerpt":{"rendered":"<p>Barrita<\/p>","protected":false},"featured_media":54272,"template":"","meta":{"inline_featured_image":false},"product_cat":[4776,4779,4782],"product_tag":[],"acf":[],"_links":{"self":[{"href":"https:\/\/weider.syntonize.dev\/fr\/wp-json\/wp\/v2\/product\/53943"}],"collection":[{"href":"https:\/\/weider.syntonize.dev\/fr\/wp-json\/wp\/v2\/product"}],"about":[{"href":"https:\/\/weider.syntonize.dev\/fr\/wp-json\/wp\/v2\/types\/product"}],"wp:featuredmedia":[{"embeddable":true,"href":"https:\/\/weider.syntonize.dev\/fr\/wp-json\/wp\/v2\/media\/54272"}],"wp:attachment":[{"href":"https:\/\/weider.syntonize.dev\/fr\/wp-json\/wp\/v2\/media?parent=53943"}],"wp:term":[{"taxonomy":"product_cat","embeddable":true,"href":"https:\/\/weider.syntonize.dev\/fr\/wp-json\/wp\/v2\/product_cat?post=53943"},{"taxonomy":"product_tag","embeddable":true,"href":"https:\/\/weider.syntonize.dev\/fr\/wp-json\/wp\/v2\/product_tag?post=53943"}],"curies":[{"name":"wp","href":"https:\/\/api.w.org\/{rel}","templated":true}]}}