{"id":53918,"date":"2024-07-30T09:57:46","date_gmt":"2024-07-30T07:57:46","guid":{"rendered":"https:\/\/weider.syntonize.dev\/product\/joes-core-bar\/"},"modified":"2024-07-30T10:03:39","modified_gmt":"2024-07-30T08:03:39","slug":"joes-core-bar","status":"publish","type":"product","link":"https:\/\/weider.syntonize.dev\/fr\/produit\/joes-core-bar\/","title":{"rendered":"JOE'S Core Bar"},"content":{"rendered":"<p>Nuestras nuevas barritas de prote\u00ednas son realmente especiales, por eso las hemos nombrado en honor al fundador de nuestra empresa, el Sr. Joe Weider. <\/p>\n<p>Las barritas proteicas Joe\u00b4s Core Bars destacan no solo por sus excelentes valores nutricionales, sino tambi\u00e9n por su incre\u00edble sabor y capricho, equiparable al de las barritas de chocolate convencionales. Su suave masa proteica contiene aut\u00e9nticas virutas de coco o trozos de avellana espolvoreados, y est\u00e1 rellena de una deliciosa crema rica en prote\u00ednas, recubierta con irresistible chocolate blanco o chocolate con leche para satisfacer todos los gustos. <\/p>\n<p>Con un asombroso 31% y 32% de prote\u00ednas respectivamente, estas irresistibles barritas proteicas Joe\u00b4s Core Bar son perfectas para cualquier persona f\u00edsicamente activa o atleta, contribuyendo al mantenimiento y crecimiento muscular. Ya sea que est\u00e9s intentando perder peso o ganar masa muscular, estas barritas te proporcionar\u00e1n prote\u00ednas de alta calidad en cualquier momento. Adem\u00e1s, con solo 185 calor\u00edas por barrita y bajo contenido en az\u00facar, son ideales para darse un capricho dulce sin remordimientos. <\/p>\n<p>Disponibles en dos deliciosos sabores: Avellana-Turr\u00f3n y Chocolate Blanco-Coco. (45 g por barrita). <\/p>\n<p>En Weider, nuestra misi\u00f3n es proporcionar a nuestros clientes la mejor nutrici\u00f3n y suplementos deportivos para que puedan llevar una vida saludable y alcanzar sus objetivos deportivos. Con m\u00e1s de 85 a\u00f1os de experiencia en esta industria, comprendemos la importancia de utilizar solo los ingredientes de m\u00e1s alta calidad y confianza en todos nuestros productos.<\/p>","protected":false},"excerpt":{"rendered":"<p>\u00a1Un 32% de prote\u00ednas por barrita nunca hab\u00eda sido tan delicioso!<br \/>\n\u2022 S\u00f3lo 1,7 g de az\u00facar por barrita<br \/>\n\u2022 Espolvoreada con trozos de aut\u00e9ntica avellana<\/p>","protected":false},"featured_media":54253,"template":"","meta":{"inline_featured_image":false},"product_cat":[4780,4764,4779,4767],"product_tag":[],"acf":[],"_links":{"self":[{"href":"https:\/\/weider.syntonize.dev\/fr\/wp-json\/wp\/v2\/product\/53918"}],"collection":[{"href":"https:\/\/weider.syntonize.dev\/fr\/wp-json\/wp\/v2\/product"}],"about":[{"href":"https:\/\/weider.syntonize.dev\/fr\/wp-json\/wp\/v2\/types\/product"}],"wp:featuredmedia":[{"embeddable":true,"href":"https:\/\/weider.syntonize.dev\/fr\/wp-json\/wp\/v2\/media\/54253"}],"wp:attachment":[{"href":"https:\/\/weider.syntonize.dev\/fr\/wp-json\/wp\/v2\/media?parent=53918"}],"wp:term":[{"taxonomy":"product_cat","embeddable":true,"href":"https:\/\/weider.syntonize.dev\/fr\/wp-json\/wp\/v2\/product_cat?post=53918"},{"taxonomy":"product_tag","embeddable":true,"href":"https:\/\/weider.syntonize.dev\/fr\/wp-json\/wp\/v2\/product_tag?post=53918"}],"curies":[{"name":"wp","href":"https:\/\/api.w.org\/{rel}","templated":true}]}}